{"id":24,"date":"2015-01-14T11:47:07","date_gmt":"2015-01-14T11:47:07","guid":{"rendered":"http:\/\/demo.wpzoom.com\/angle\/?page_id=24"},"modified":"2024-09-26T15:37:53","modified_gmt":"2024-09-26T15:37:53","slug":"streaming","status":"publish","type":"page","link":"https:\/\/promedios.com.ar\/web\/servicios\/streaming\/","title":{"rendered":"Streaming"},"content":{"rendered":"<p>En nuestra productora audiovisual, ofrecemos un servicio de streaming dise\u00f1ado para llevar tus contenidos a una audiencia global, con la m\u00e1s alta calidad y confiabilidad. Ya sea para eventos en vivo, lanzamientos de productos, o producciones deportivas, nuestro equipo t\u00e9cnico se encarga de todo el proceso, garantizando una transmisi\u00f3n fluida, profesional y adaptada a tus necesidades. Con tecnolog\u00eda de punta y un enfoque personalizado, ayudamos a que tu mensaje llegue sin l\u00edmites y con el impacto que merece.<\/p>\n<p><!--more--><\/p>\n<p>\u00a0<\/p>\n\n\n<p><\/p>\n<script>function PlayerjsAsync(){} if(window[\"Playerjs\"]){PlayerjsAsync();}<\/script>","protected":false},"excerpt":{"rendered":"<p>En nuestra productora audiovisual, ofrecemos un servicio de streaming dise\u00f1ado para llevar tus contenidos a una audiencia global, con la m\u00e1s alta calidad y confiabilidad. Ya sea para eventos en vivo, lanzamientos de productos, o producciones deportivas, nuestro equipo t\u00e9cnico se encarga de todo el proceso, garantizando una transmisi\u00f3n fluida, [&hellip;]<\/p>\n","protected":false},"author":2,"featured_media":6291,"parent":35,"menu_order":0,"comment_status":"open","ping_status":"closed","template":"","meta":{"_ppp_document_settings_meta":"","footnotes":""},"class_list":["post-24","page","type-page","status-publish","has-post-thumbnail","hentry"],"yoast_head":"<!-- This site is optimized with the Yoast SEO Premium plugin v23.4 (Yoast SEO v24.0) - https:\/\/yoast.com\/wordpress\/plugins\/seo\/ -->\n<title>Streaming - Promedios Audiovisuales<\/title>\n<meta name=\"robots\" content=\"index, follow, max-snippet:-1, max-image-preview:large, max-video-preview:-1\" \/>\n<link rel=\"canonical\" href=\"https:\/\/promedios.com.ar\/web\/servicios\/streaming\/\" \/>\n<meta property=\"og:locale\" content=\"es_ES\" \/>\n<meta property=\"og:type\" content=\"article\" \/>\n<meta property=\"og:title\" content=\"Streaming\" \/>\n<meta property=\"og:description\" content=\"En nuestra productora audiovisual, ofrecemos un servicio de streaming dise\u00f1ado para llevar tus contenidos a una audiencia global, con la m\u00e1s alta calidad y confiabilidad. Ya sea para eventos en vivo, lanzamientos de productos, o producciones deportivas, nuestro equipo t\u00e9cnico se encarga de todo el proceso, garantizando una transmisi\u00f3n fluida, [&hellip;]\" \/>\n<meta property=\"og:url\" content=\"https:\/\/promedios.com.ar\/web\/servicios\/streaming\/\" \/>\n<meta property=\"og:site_name\" content=\"Promedios Audiovisuales\" \/>\n<meta property=\"article:modified_time\" content=\"2024-09-26T15:37:53+00:00\" \/>\n<meta property=\"og:image\" content=\"https:\/\/promedios.com.ar\/web\/wp-content\/uploads\/2024\/09\/streaming2-1.jpg\" \/>\n\t<meta property=\"og:image:width\" content=\"1800\" \/>\n\t<meta property=\"og:image:height\" content=\"1193\" \/>\n\t<meta property=\"og:image:type\" content=\"image\/jpeg\" \/>\n<meta name=\"twitter:card\" content=\"summary_large_image\" \/>\n<meta name=\"twitter:label1\" content=\"Tiempo de lectura\" \/>\n\t<meta name=\"twitter:data1\" content=\"1 minuto\" \/>\n<script type=\"application\/ld+json\" class=\"yoast-schema-graph\">{\"@context\":\"https:\/\/schema.org\",\"@graph\":[{\"@type\":\"WebPage\",\"@id\":\"https:\/\/promedios.com.ar\/web\/servicios\/streaming\/\",\"url\":\"https:\/\/promedios.com.ar\/web\/servicios\/streaming\/\",\"name\":\"Streaming - Promedios Audiovisuales\",\"isPartOf\":{\"@id\":\"https:\/\/promedios.com.ar\/web\/#website\"},\"primaryImageOfPage\":{\"@id\":\"https:\/\/promedios.com.ar\/web\/servicios\/streaming\/#primaryimage\"},\"image\":{\"@id\":\"https:\/\/promedios.com.ar\/web\/servicios\/streaming\/#primaryimage\"},\"thumbnailUrl\":\"https:\/\/promedios.com.ar\/web\/wp-content\/uploads\/2024\/09\/streaming2-1.jpg\",\"datePublished\":\"2015-01-14T11:47:07+00:00\",\"dateModified\":\"2024-09-26T15:37:53+00:00\",\"breadcrumb\":{\"@id\":\"https:\/\/promedios.com.ar\/web\/servicios\/streaming\/#breadcrumb\"},\"inLanguage\":\"es\",\"potentialAction\":[{\"@type\":\"ReadAction\",\"target\":[\"https:\/\/promedios.com.ar\/web\/servicios\/streaming\/\"]}]},{\"@type\":\"ImageObject\",\"inLanguage\":\"es\",\"@id\":\"https:\/\/promedios.com.ar\/web\/servicios\/streaming\/#primaryimage\",\"url\":\"https:\/\/promedios.com.ar\/web\/wp-content\/uploads\/2024\/09\/streaming2-1.jpg\",\"contentUrl\":\"https:\/\/promedios.com.ar\/web\/wp-content\/uploads\/2024\/09\/streaming2-1.jpg\",\"width\":1800,\"height\":1193},{\"@type\":\"BreadcrumbList\",\"@id\":\"https:\/\/promedios.com.ar\/web\/servicios\/streaming\/#breadcrumb\",\"itemListElement\":[{\"@type\":\"ListItem\",\"position\":1,\"name\":\"Portada\",\"item\":\"https:\/\/promedios.com.ar\/web\/\"},{\"@type\":\"ListItem\",\"position\":2,\"name\":\"Servicios\",\"item\":\"https:\/\/promedios.com.ar\/web\/servicios\/\"},{\"@type\":\"ListItem\",\"position\":3,\"name\":\"Streaming\"}]},{\"@type\":\"WebSite\",\"@id\":\"https:\/\/promedios.com.ar\/web\/#website\",\"url\":\"https:\/\/promedios.com.ar\/web\/\",\"name\":\"Promedios Audiovisuales\",\"description\":\"\",\"publisher\":{\"@id\":\"https:\/\/promedios.com.ar\/web\/#organization\"},\"potentialAction\":[{\"@type\":\"SearchAction\",\"target\":{\"@type\":\"EntryPoint\",\"urlTemplate\":\"https:\/\/promedios.com.ar\/web\/?s={search_term_string}\"},\"query-input\":{\"@type\":\"PropertyValueSpecification\",\"valueRequired\":true,\"valueName\":\"search_term_string\"}}],\"inLanguage\":\"es\"},{\"@type\":\"Organization\",\"@id\":\"https:\/\/promedios.com.ar\/web\/#organization\",\"name\":\"Promedios Audiovisuales\",\"url\":\"https:\/\/promedios.com.ar\/web\/\",\"logo\":{\"@type\":\"ImageObject\",\"inLanguage\":\"es\",\"@id\":\"https:\/\/promedios.com.ar\/web\/#\/schema\/logo\/image\/\",\"url\":\"https:\/\/promedios.com.ar\/web\/wp-content\/uploads\/2024\/09\/logo_pagina_nuevo2.png\",\"contentUrl\":\"https:\/\/promedios.com.ar\/web\/wp-content\/uploads\/2024\/09\/logo_pagina_nuevo2.png\",\"width\":400,\"height\":100,\"caption\":\"Promedios Audiovisuales\"},\"image\":{\"@id\":\"https:\/\/promedios.com.ar\/web\/#\/schema\/logo\/image\/\"}}]}<\/script>\n<!-- \/ Yoast SEO Premium plugin. -->","yoast_head_json":{"title":"Streaming - Promedios Audiovisuales","robots":{"index":"index","follow":"follow","max-snippet":"max-snippet:-1","max-image-preview":"max-image-preview:large","max-video-preview":"max-video-preview:-1"},"canonical":"https:\/\/promedios.com.ar\/web\/servicios\/streaming\/","og_locale":"es_ES","og_type":"article","og_title":"Streaming","og_description":"En nuestra productora audiovisual, ofrecemos un servicio de streaming dise\u00f1ado para llevar tus contenidos a una audiencia global, con la m\u00e1s alta calidad y confiabilidad. Ya sea para eventos en vivo, lanzamientos de productos, o producciones deportivas, nuestro equipo t\u00e9cnico se encarga de todo el proceso, garantizando una transmisi\u00f3n fluida, [&hellip;]","og_url":"https:\/\/promedios.com.ar\/web\/servicios\/streaming\/","og_site_name":"Promedios Audiovisuales","article_modified_time":"2024-09-26T15:37:53+00:00","og_image":[{"width":1800,"height":1193,"url":"https:\/\/promedios.com.ar\/web\/wp-content\/uploads\/2024\/09\/streaming2-1.jpg","type":"image\/jpeg"}],"twitter_card":"summary_large_image","twitter_misc":{"Tiempo de lectura":"1 minuto"},"schema":{"@context":"https:\/\/schema.org","@graph":[{"@type":"WebPage","@id":"https:\/\/promedios.com.ar\/web\/servicios\/streaming\/","url":"https:\/\/promedios.com.ar\/web\/servicios\/streaming\/","name":"Streaming - Promedios Audiovisuales","isPartOf":{"@id":"https:\/\/promedios.com.ar\/web\/#website"},"primaryImageOfPage":{"@id":"https:\/\/promedios.com.ar\/web\/servicios\/streaming\/#primaryimage"},"image":{"@id":"https:\/\/promedios.com.ar\/web\/servicios\/streaming\/#primaryimage"},"thumbnailUrl":"https:\/\/promedios.com.ar\/web\/wp-content\/uploads\/2024\/09\/streaming2-1.jpg","datePublished":"2015-01-14T11:47:07+00:00","dateModified":"2024-09-26T15:37:53+00:00","breadcrumb":{"@id":"https:\/\/promedios.com.ar\/web\/servicios\/streaming\/#breadcrumb"},"inLanguage":"es","potentialAction":[{"@type":"ReadAction","target":["https:\/\/promedios.com.ar\/web\/servicios\/streaming\/"]}]},{"@type":"ImageObject","inLanguage":"es","@id":"https:\/\/promedios.com.ar\/web\/servicios\/streaming\/#primaryimage","url":"https:\/\/promedios.com.ar\/web\/wp-content\/uploads\/2024\/09\/streaming2-1.jpg","contentUrl":"https:\/\/promedios.com.ar\/web\/wp-content\/uploads\/2024\/09\/streaming2-1.jpg","width":1800,"height":1193},{"@type":"BreadcrumbList","@id":"https:\/\/promedios.com.ar\/web\/servicios\/streaming\/#breadcrumb","itemListElement":[{"@type":"ListItem","position":1,"name":"Portada","item":"https:\/\/promedios.com.ar\/web\/"},{"@type":"ListItem","position":2,"name":"Servicios","item":"https:\/\/promedios.com.ar\/web\/servicios\/"},{"@type":"ListItem","position":3,"name":"Streaming"}]},{"@type":"WebSite","@id":"https:\/\/promedios.com.ar\/web\/#website","url":"https:\/\/promedios.com.ar\/web\/","name":"Promedios Audiovisuales","description":"","publisher":{"@id":"https:\/\/promedios.com.ar\/web\/#organization"},"potentialAction":[{"@type":"SearchAction","target":{"@type":"EntryPoint","urlTemplate":"https:\/\/promedios.com.ar\/web\/?s={search_term_string}"},"query-input":{"@type":"PropertyValueSpecification","valueRequired":true,"valueName":"search_term_string"}}],"inLanguage":"es"},{"@type":"Organization","@id":"https:\/\/promedios.com.ar\/web\/#organization","name":"Promedios Audiovisuales","url":"https:\/\/promedios.com.ar\/web\/","logo":{"@type":"ImageObject","inLanguage":"es","@id":"https:\/\/promedios.com.ar\/web\/#\/schema\/logo\/image\/","url":"https:\/\/promedios.com.ar\/web\/wp-content\/uploads\/2024\/09\/logo_pagina_nuevo2.png","contentUrl":"https:\/\/promedios.com.ar\/web\/wp-content\/uploads\/2024\/09\/logo_pagina_nuevo2.png","width":400,"height":100,"caption":"Promedios Audiovisuales"},"image":{"@id":"https:\/\/promedios.com.ar\/web\/#\/schema\/logo\/image\/"}}]}},"_links":{"self":[{"href":"https:\/\/promedios.com.ar\/web\/wp-json\/wp\/v2\/pages\/24","targetHints":{"allow":["GET"]}}],"collection":[{"href":"https:\/\/promedios.com.ar\/web\/wp-json\/wp\/v2\/pages"}],"about":[{"href":"https:\/\/promedios.com.ar\/web\/wp-json\/wp\/v2\/types\/page"}],"author":[{"embeddable":true,"href":"https:\/\/promedios.com.ar\/web\/wp-json\/wp\/v2\/users\/2"}],"replies":[{"embeddable":true,"href":"https:\/\/promedios.com.ar\/web\/wp-json\/wp\/v2\/comments?post=24"}],"version-history":[{"count":6,"href":"https:\/\/promedios.com.ar\/web\/wp-json\/wp\/v2\/pages\/24\/revisions"}],"predecessor-version":[{"id":6248,"href":"https:\/\/promedios.com.ar\/web\/wp-json\/wp\/v2\/pages\/24\/revisions\/6248"}],"up":[{"embeddable":true,"href":"https:\/\/promedios.com.ar\/web\/wp-json\/wp\/v2\/pages\/35"}],"wp:featuredmedia":[{"embeddable":true,"href":"https:\/\/promedios.com.ar\/web\/wp-json\/wp\/v2\/media\/6291"}],"wp:attachment":[{"href":"https:\/\/promedios.com.ar\/web\/wp-json\/wp\/v2\/media?parent=24"}],"curies":[{"name":"wp","href":"https:\/\/api.w.org\/{rel}","templated":true}]}}