{"id":5667,"date":"2021-04-24T18:20:55","date_gmt":"2021-04-24T18:20:55","guid":{"rendered":"https:\/\/promedios.com.ar\/web\/?page_id=5667"},"modified":"2024-09-26T15:14:52","modified_gmt":"2024-09-26T15:14:52","slug":"drones","status":"publish","type":"page","link":"https:\/\/promedios.com.ar\/web\/servicios\/drones\/","title":{"rendered":"Drones"},"content":{"rendered":"<p>Nuestro servicio de drones para transmisiones audiovisuales te permite llevar tu producci\u00f3n a nuevas alturas. Con tecnolog\u00eda de \u00faltima generaci\u00f3n, capturamos im\u00e1genes a\u00e9reas de alta calidad en tiempo real, brindando perspectivas \u00fanicas e impactantes para eventos en vivo, comerciales, y producciones deportivas. Nuestros drones est\u00e1n operados por profesionales, garantizando una transmisi\u00f3n estable y un enfoque preciso en cada toma. Eleva tu contenido con vistas espectaculares que solo un dron puede ofrecer.<\/p>\n<p><!--more--><\/p>\n<script>function PlayerjsAsync(){} if(window[\"Playerjs\"]){PlayerjsAsync();}<\/script>","protected":false},"excerpt":{"rendered":"<p>Nuestro servicio de drones para transmisiones audiovisuales te permite llevar tu producci\u00f3n a nuevas alturas. Con tecnolog\u00eda de \u00faltima generaci\u00f3n, capturamos im\u00e1genes a\u00e9reas de alta calidad en tiempo real, brindando perspectivas \u00fanicas e impactantes para eventos en vivo, comerciales, y producciones deportivas. Nuestros drones est\u00e1n operados por profesionales, garantizando una [&hellip;]<\/p>\n","protected":false},"author":2,"featured_media":6283,"parent":35,"menu_order":0,"comment_status":"open","ping_status":"closed","template":"","meta":{"_ppp_document_settings_meta":"","footnotes":""},"class_list":["post-5667","page","type-page","status-publish","has-post-thumbnail","hentry"],"yoast_head":"<!-- This site is optimized with the Yoast SEO Premium plugin v23.4 (Yoast SEO v24.0) - https:\/\/yoast.com\/wordpress\/plugins\/seo\/ -->\n<title>Drones - Promedios Audiovisuales<\/title>\n<meta name=\"robots\" content=\"index, follow, max-snippet:-1, max-image-preview:large, max-video-preview:-1\" \/>\n<link rel=\"canonical\" href=\"https:\/\/promedios.com.ar\/web\/servicios\/drones\/\" \/>\n<meta property=\"og:locale\" content=\"es_ES\" \/>\n<meta property=\"og:type\" content=\"article\" \/>\n<meta property=\"og:title\" content=\"Drones\" \/>\n<meta property=\"og:description\" content=\"Nuestro servicio de drones para transmisiones audiovisuales te permite llevar tu producci\u00f3n a nuevas alturas. Con tecnolog\u00eda de \u00faltima generaci\u00f3n, capturamos im\u00e1genes a\u00e9reas de alta calidad en tiempo real, brindando perspectivas \u00fanicas e impactantes para eventos en vivo, comerciales, y producciones deportivas. Nuestros drones est\u00e1n operados por profesionales, garantizando una [&hellip;]\" \/>\n<meta property=\"og:url\" content=\"https:\/\/promedios.com.ar\/web\/servicios\/drones\/\" \/>\n<meta property=\"og:site_name\" content=\"Promedios Audiovisuales\" \/>\n<meta property=\"article:modified_time\" content=\"2024-09-26T15:14:52+00:00\" \/>\n<meta property=\"og:image\" content=\"https:\/\/promedios.com.ar\/web\/wp-content\/uploads\/2024\/09\/dron.jpg\" \/>\n\t<meta property=\"og:image:width\" content=\"1800\" \/>\n\t<meta property=\"og:image:height\" content=\"1193\" \/>\n\t<meta property=\"og:image:type\" content=\"image\/jpeg\" \/>\n<meta name=\"twitter:card\" content=\"summary_large_image\" \/>\n<meta name=\"twitter:label1\" content=\"Tiempo de lectura\" \/>\n\t<meta name=\"twitter:data1\" content=\"1 minuto\" \/>\n<script type=\"application\/ld+json\" class=\"yoast-schema-graph\">{\"@context\":\"https:\/\/schema.org\",\"@graph\":[{\"@type\":\"WebPage\",\"@id\":\"https:\/\/promedios.com.ar\/web\/servicios\/drones\/\",\"url\":\"https:\/\/promedios.com.ar\/web\/servicios\/drones\/\",\"name\":\"Drones - Promedios Audiovisuales\",\"isPartOf\":{\"@id\":\"https:\/\/promedios.com.ar\/web\/#website\"},\"primaryImageOfPage\":{\"@id\":\"https:\/\/promedios.com.ar\/web\/servicios\/drones\/#primaryimage\"},\"image\":{\"@id\":\"https:\/\/promedios.com.ar\/web\/servicios\/drones\/#primaryimage\"},\"thumbnailUrl\":\"https:\/\/promedios.com.ar\/web\/wp-content\/uploads\/2024\/09\/dron.jpg\",\"datePublished\":\"2021-04-24T18:20:55+00:00\",\"dateModified\":\"2024-09-26T15:14:52+00:00\",\"breadcrumb\":{\"@id\":\"https:\/\/promedios.com.ar\/web\/servicios\/drones\/#breadcrumb\"},\"inLanguage\":\"es\",\"potentialAction\":[{\"@type\":\"ReadAction\",\"target\":[\"https:\/\/promedios.com.ar\/web\/servicios\/drones\/\"]}]},{\"@type\":\"ImageObject\",\"inLanguage\":\"es\",\"@id\":\"https:\/\/promedios.com.ar\/web\/servicios\/drones\/#primaryimage\",\"url\":\"https:\/\/promedios.com.ar\/web\/wp-content\/uploads\/2024\/09\/dron.jpg\",\"contentUrl\":\"https:\/\/promedios.com.ar\/web\/wp-content\/uploads\/2024\/09\/dron.jpg\",\"width\":1800,\"height\":1193},{\"@type\":\"BreadcrumbList\",\"@id\":\"https:\/\/promedios.com.ar\/web\/servicios\/drones\/#breadcrumb\",\"itemListElement\":[{\"@type\":\"ListItem\",\"position\":1,\"name\":\"Portada\",\"item\":\"https:\/\/promedios.com.ar\/web\/\"},{\"@type\":\"ListItem\",\"position\":2,\"name\":\"Servicios\",\"item\":\"https:\/\/promedios.com.ar\/web\/servicios\/\"},{\"@type\":\"ListItem\",\"position\":3,\"name\":\"Drones\"}]},{\"@type\":\"WebSite\",\"@id\":\"https:\/\/promedios.com.ar\/web\/#website\",\"url\":\"https:\/\/promedios.com.ar\/web\/\",\"name\":\"Promedios Audiovisuales\",\"description\":\"\",\"publisher\":{\"@id\":\"https:\/\/promedios.com.ar\/web\/#organization\"},\"potentialAction\":[{\"@type\":\"SearchAction\",\"target\":{\"@type\":\"EntryPoint\",\"urlTemplate\":\"https:\/\/promedios.com.ar\/web\/?s={search_term_string}\"},\"query-input\":{\"@type\":\"PropertyValueSpecification\",\"valueRequired\":true,\"valueName\":\"search_term_string\"}}],\"inLanguage\":\"es\"},{\"@type\":\"Organization\",\"@id\":\"https:\/\/promedios.com.ar\/web\/#organization\",\"name\":\"Promedios Audiovisuales\",\"url\":\"https:\/\/promedios.com.ar\/web\/\",\"logo\":{\"@type\":\"ImageObject\",\"inLanguage\":\"es\",\"@id\":\"https:\/\/promedios.com.ar\/web\/#\/schema\/logo\/image\/\",\"url\":\"https:\/\/promedios.com.ar\/web\/wp-content\/uploads\/2024\/09\/logo_pagina_nuevo2.png\",\"contentUrl\":\"https:\/\/promedios.com.ar\/web\/wp-content\/uploads\/2024\/09\/logo_pagina_nuevo2.png\",\"width\":400,\"height\":100,\"caption\":\"Promedios Audiovisuales\"},\"image\":{\"@id\":\"https:\/\/promedios.com.ar\/web\/#\/schema\/logo\/image\/\"}}]}<\/script>\n<!-- \/ Yoast SEO Premium plugin. -->","yoast_head_json":{"title":"Drones - Promedios Audiovisuales","robots":{"index":"index","follow":"follow","max-snippet":"max-snippet:-1","max-image-preview":"max-image-preview:large","max-video-preview":"max-video-preview:-1"},"canonical":"https:\/\/promedios.com.ar\/web\/servicios\/drones\/","og_locale":"es_ES","og_type":"article","og_title":"Drones","og_description":"Nuestro servicio de drones para transmisiones audiovisuales te permite llevar tu producci\u00f3n a nuevas alturas. Con tecnolog\u00eda de \u00faltima generaci\u00f3n, capturamos im\u00e1genes a\u00e9reas de alta calidad en tiempo real, brindando perspectivas \u00fanicas e impactantes para eventos en vivo, comerciales, y producciones deportivas. Nuestros drones est\u00e1n operados por profesionales, garantizando una [&hellip;]","og_url":"https:\/\/promedios.com.ar\/web\/servicios\/drones\/","og_site_name":"Promedios Audiovisuales","article_modified_time":"2024-09-26T15:14:52+00:00","og_image":[{"width":1800,"height":1193,"url":"https:\/\/promedios.com.ar\/web\/wp-content\/uploads\/2024\/09\/dron.jpg","type":"image\/jpeg"}],"twitter_card":"summary_large_image","twitter_misc":{"Tiempo de lectura":"1 minuto"},"schema":{"@context":"https:\/\/schema.org","@graph":[{"@type":"WebPage","@id":"https:\/\/promedios.com.ar\/web\/servicios\/drones\/","url":"https:\/\/promedios.com.ar\/web\/servicios\/drones\/","name":"Drones - Promedios Audiovisuales","isPartOf":{"@id":"https:\/\/promedios.com.ar\/web\/#website"},"primaryImageOfPage":{"@id":"https:\/\/promedios.com.ar\/web\/servicios\/drones\/#primaryimage"},"image":{"@id":"https:\/\/promedios.com.ar\/web\/servicios\/drones\/#primaryimage"},"thumbnailUrl":"https:\/\/promedios.com.ar\/web\/wp-content\/uploads\/2024\/09\/dron.jpg","datePublished":"2021-04-24T18:20:55+00:00","dateModified":"2024-09-26T15:14:52+00:00","breadcrumb":{"@id":"https:\/\/promedios.com.ar\/web\/servicios\/drones\/#breadcrumb"},"inLanguage":"es","potentialAction":[{"@type":"ReadAction","target":["https:\/\/promedios.com.ar\/web\/servicios\/drones\/"]}]},{"@type":"ImageObject","inLanguage":"es","@id":"https:\/\/promedios.com.ar\/web\/servicios\/drones\/#primaryimage","url":"https:\/\/promedios.com.ar\/web\/wp-content\/uploads\/2024\/09\/dron.jpg","contentUrl":"https:\/\/promedios.com.ar\/web\/wp-content\/uploads\/2024\/09\/dron.jpg","width":1800,"height":1193},{"@type":"BreadcrumbList","@id":"https:\/\/promedios.com.ar\/web\/servicios\/drones\/#breadcrumb","itemListElement":[{"@type":"ListItem","position":1,"name":"Portada","item":"https:\/\/promedios.com.ar\/web\/"},{"@type":"ListItem","position":2,"name":"Servicios","item":"https:\/\/promedios.com.ar\/web\/servicios\/"},{"@type":"ListItem","position":3,"name":"Drones"}]},{"@type":"WebSite","@id":"https:\/\/promedios.com.ar\/web\/#website","url":"https:\/\/promedios.com.ar\/web\/","name":"Promedios Audiovisuales","description":"","publisher":{"@id":"https:\/\/promedios.com.ar\/web\/#organization"},"potentialAction":[{"@type":"SearchAction","target":{"@type":"EntryPoint","urlTemplate":"https:\/\/promedios.com.ar\/web\/?s={search_term_string}"},"query-input":{"@type":"PropertyValueSpecification","valueRequired":true,"valueName":"search_term_string"}}],"inLanguage":"es"},{"@type":"Organization","@id":"https:\/\/promedios.com.ar\/web\/#organization","name":"Promedios Audiovisuales","url":"https:\/\/promedios.com.ar\/web\/","logo":{"@type":"ImageObject","inLanguage":"es","@id":"https:\/\/promedios.com.ar\/web\/#\/schema\/logo\/image\/","url":"https:\/\/promedios.com.ar\/web\/wp-content\/uploads\/2024\/09\/logo_pagina_nuevo2.png","contentUrl":"https:\/\/promedios.com.ar\/web\/wp-content\/uploads\/2024\/09\/logo_pagina_nuevo2.png","width":400,"height":100,"caption":"Promedios Audiovisuales"},"image":{"@id":"https:\/\/promedios.com.ar\/web\/#\/schema\/logo\/image\/"}}]}},"_links":{"self":[{"href":"https:\/\/promedios.com.ar\/web\/wp-json\/wp\/v2\/pages\/5667","targetHints":{"allow":["GET"]}}],"collection":[{"href":"https:\/\/promedios.com.ar\/web\/wp-json\/wp\/v2\/pages"}],"about":[{"href":"https:\/\/promedios.com.ar\/web\/wp-json\/wp\/v2\/types\/page"}],"author":[{"embeddable":true,"href":"https:\/\/promedios.com.ar\/web\/wp-json\/wp\/v2\/users\/2"}],"replies":[{"embeddable":true,"href":"https:\/\/promedios.com.ar\/web\/wp-json\/wp\/v2\/comments?post=5667"}],"version-history":[{"count":3,"href":"https:\/\/promedios.com.ar\/web\/wp-json\/wp\/v2\/pages\/5667\/revisions"}],"predecessor-version":[{"id":6250,"href":"https:\/\/promedios.com.ar\/web\/wp-json\/wp\/v2\/pages\/5667\/revisions\/6250"}],"up":[{"embeddable":true,"href":"https:\/\/promedios.com.ar\/web\/wp-json\/wp\/v2\/pages\/35"}],"wp:featuredmedia":[{"embeddable":true,"href":"https:\/\/promedios.com.ar\/web\/wp-json\/wp\/v2\/media\/6283"}],"wp:attachment":[{"href":"https:\/\/promedios.com.ar\/web\/wp-json\/wp\/v2\/media?parent=5667"}],"curies":[{"name":"wp","href":"https:\/\/api.w.org\/{rel}","templated":true}]}}