{"id":5673,"date":"2021-04-24T18:24:32","date_gmt":"2021-04-24T18:24:32","guid":{"rendered":"https:\/\/promedios.com.ar\/web\/?page_id=5673"},"modified":"2024-09-26T16:47:25","modified_gmt":"2024-09-26T16:47:25","slug":"foto-video-social","status":"publish","type":"page","link":"https:\/\/promedios.com.ar\/web\/servicios\/foto-video-social\/","title":{"rendered":"Foto\/Video Social"},"content":{"rendered":"<p><span style=\"font-weight: 400;\">Nuestro servicio de foto y video para eventos sociales captura los momentos m\u00e1s importantes de tu vida de manera aut\u00e9ntica y creativa. Con un enfoque personalizado, nos aseguramos de que cada imagen y video refleje las emociones y detalles \u00fanicos de tu celebraci\u00f3n, ya sea una boda, cumplea\u00f1os o evento corporativo. Inmortalizamos recuerdos que podr\u00e1s revivir una y otra vez, con la calidad y profesionalismo que nos caracteriza.<\/span><\/p>\n<p><!--more--><\/p>\n<script>function PlayerjsAsync(){} if(window[\"Playerjs\"]){PlayerjsAsync();}<\/script>","protected":false},"excerpt":{"rendered":"<p>Nuestro servicio de foto y video para eventos sociales captura los momentos m\u00e1s importantes de tu vida de manera aut\u00e9ntica y creativa. Con un enfoque personalizado, nos aseguramos de que cada imagen y video refleje las emociones y detalles \u00fanicos de tu celebraci\u00f3n, ya sea una boda, cumplea\u00f1os o evento [&hellip;]<\/p>\n","protected":false},"author":2,"featured_media":6299,"parent":35,"menu_order":0,"comment_status":"open","ping_status":"closed","template":"","meta":{"_ppp_document_settings_meta":"","footnotes":""},"class_list":["post-5673","page","type-page","status-publish","has-post-thumbnail","hentry"],"yoast_head":"<!-- This site is optimized with the Yoast SEO Premium plugin v23.4 (Yoast SEO v24.0) - https:\/\/yoast.com\/wordpress\/plugins\/seo\/ -->\n<title>Foto\/Video Social - Promedios Audiovisuales<\/title>\n<meta name=\"robots\" content=\"index, follow, max-snippet:-1, max-image-preview:large, max-video-preview:-1\" \/>\n<link rel=\"canonical\" href=\"https:\/\/promedios.com.ar\/web\/servicios\/foto-video-social\/\" \/>\n<meta property=\"og:locale\" content=\"es_ES\" \/>\n<meta property=\"og:type\" content=\"article\" \/>\n<meta property=\"og:title\" content=\"Foto\/Video Social\" \/>\n<meta property=\"og:description\" content=\"Nuestro servicio de foto y video para eventos sociales captura los momentos m\u00e1s importantes de tu vida de manera aut\u00e9ntica y creativa. Con un enfoque personalizado, nos aseguramos de que cada imagen y video refleje las emociones y detalles \u00fanicos de tu celebraci\u00f3n, ya sea una boda, cumplea\u00f1os o evento [&hellip;]\" \/>\n<meta property=\"og:url\" content=\"https:\/\/promedios.com.ar\/web\/servicios\/foto-video-social\/\" \/>\n<meta property=\"og:site_name\" content=\"Promedios Audiovisuales\" \/>\n<meta property=\"article:modified_time\" content=\"2024-09-26T16:47:25+00:00\" \/>\n<meta property=\"og:image\" content=\"https:\/\/promedios.com.ar\/web\/wp-content\/uploads\/2024\/09\/15Juli-288.jpg\" \/>\n\t<meta property=\"og:image:width\" content=\"1365\" \/>\n\t<meta property=\"og:image:height\" content=\"911\" \/>\n\t<meta property=\"og:image:type\" content=\"image\/jpeg\" \/>\n<meta name=\"twitter:card\" content=\"summary_large_image\" \/>\n<meta name=\"twitter:label1\" content=\"Tiempo de lectura\" \/>\n\t<meta name=\"twitter:data1\" content=\"1 minuto\" \/>\n<script type=\"application\/ld+json\" class=\"yoast-schema-graph\">{\"@context\":\"https:\/\/schema.org\",\"@graph\":[{\"@type\":\"WebPage\",\"@id\":\"https:\/\/promedios.com.ar\/web\/servicios\/foto-video-social\/\",\"url\":\"https:\/\/promedios.com.ar\/web\/servicios\/foto-video-social\/\",\"name\":\"Foto\/Video Social - Promedios Audiovisuales\",\"isPartOf\":{\"@id\":\"https:\/\/promedios.com.ar\/web\/#website\"},\"primaryImageOfPage\":{\"@id\":\"https:\/\/promedios.com.ar\/web\/servicios\/foto-video-social\/#primaryimage\"},\"image\":{\"@id\":\"https:\/\/promedios.com.ar\/web\/servicios\/foto-video-social\/#primaryimage\"},\"thumbnailUrl\":\"https:\/\/promedios.com.ar\/web\/wp-content\/uploads\/2024\/09\/15Juli-288.jpg\",\"datePublished\":\"2021-04-24T18:24:32+00:00\",\"dateModified\":\"2024-09-26T16:47:25+00:00\",\"breadcrumb\":{\"@id\":\"https:\/\/promedios.com.ar\/web\/servicios\/foto-video-social\/#breadcrumb\"},\"inLanguage\":\"es\",\"potentialAction\":[{\"@type\":\"ReadAction\",\"target\":[\"https:\/\/promedios.com.ar\/web\/servicios\/foto-video-social\/\"]}]},{\"@type\":\"ImageObject\",\"inLanguage\":\"es\",\"@id\":\"https:\/\/promedios.com.ar\/web\/servicios\/foto-video-social\/#primaryimage\",\"url\":\"https:\/\/promedios.com.ar\/web\/wp-content\/uploads\/2024\/09\/15Juli-288.jpg\",\"contentUrl\":\"https:\/\/promedios.com.ar\/web\/wp-content\/uploads\/2024\/09\/15Juli-288.jpg\",\"width\":1365,\"height\":911},{\"@type\":\"BreadcrumbList\",\"@id\":\"https:\/\/promedios.com.ar\/web\/servicios\/foto-video-social\/#breadcrumb\",\"itemListElement\":[{\"@type\":\"ListItem\",\"position\":1,\"name\":\"Portada\",\"item\":\"https:\/\/promedios.com.ar\/web\/\"},{\"@type\":\"ListItem\",\"position\":2,\"name\":\"Servicios\",\"item\":\"https:\/\/promedios.com.ar\/web\/servicios\/\"},{\"@type\":\"ListItem\",\"position\":3,\"name\":\"Foto\/Video Social\"}]},{\"@type\":\"WebSite\",\"@id\":\"https:\/\/promedios.com.ar\/web\/#website\",\"url\":\"https:\/\/promedios.com.ar\/web\/\",\"name\":\"Promedios Audiovisuales\",\"description\":\"\",\"publisher\":{\"@id\":\"https:\/\/promedios.com.ar\/web\/#organization\"},\"potentialAction\":[{\"@type\":\"SearchAction\",\"target\":{\"@type\":\"EntryPoint\",\"urlTemplate\":\"https:\/\/promedios.com.ar\/web\/?s={search_term_string}\"},\"query-input\":{\"@type\":\"PropertyValueSpecification\",\"valueRequired\":true,\"valueName\":\"search_term_string\"}}],\"inLanguage\":\"es\"},{\"@type\":\"Organization\",\"@id\":\"https:\/\/promedios.com.ar\/web\/#organization\",\"name\":\"Promedios Audiovisuales\",\"url\":\"https:\/\/promedios.com.ar\/web\/\",\"logo\":{\"@type\":\"ImageObject\",\"inLanguage\":\"es\",\"@id\":\"https:\/\/promedios.com.ar\/web\/#\/schema\/logo\/image\/\",\"url\":\"https:\/\/promedios.com.ar\/web\/wp-content\/uploads\/2024\/09\/logo_pagina_nuevo2.png\",\"contentUrl\":\"https:\/\/promedios.com.ar\/web\/wp-content\/uploads\/2024\/09\/logo_pagina_nuevo2.png\",\"width\":400,\"height\":100,\"caption\":\"Promedios Audiovisuales\"},\"image\":{\"@id\":\"https:\/\/promedios.com.ar\/web\/#\/schema\/logo\/image\/\"}}]}<\/script>\n<!-- \/ Yoast SEO Premium plugin. -->","yoast_head_json":{"title":"Foto\/Video Social - Promedios Audiovisuales","robots":{"index":"index","follow":"follow","max-snippet":"max-snippet:-1","max-image-preview":"max-image-preview:large","max-video-preview":"max-video-preview:-1"},"canonical":"https:\/\/promedios.com.ar\/web\/servicios\/foto-video-social\/","og_locale":"es_ES","og_type":"article","og_title":"Foto\/Video Social","og_description":"Nuestro servicio de foto y video para eventos sociales captura los momentos m\u00e1s importantes de tu vida de manera aut\u00e9ntica y creativa. Con un enfoque personalizado, nos aseguramos de que cada imagen y video refleje las emociones y detalles \u00fanicos de tu celebraci\u00f3n, ya sea una boda, cumplea\u00f1os o evento [&hellip;]","og_url":"https:\/\/promedios.com.ar\/web\/servicios\/foto-video-social\/","og_site_name":"Promedios Audiovisuales","article_modified_time":"2024-09-26T16:47:25+00:00","og_image":[{"width":1365,"height":911,"url":"https:\/\/promedios.com.ar\/web\/wp-content\/uploads\/2024\/09\/15Juli-288.jpg","type":"image\/jpeg"}],"twitter_card":"summary_large_image","twitter_misc":{"Tiempo de lectura":"1 minuto"},"schema":{"@context":"https:\/\/schema.org","@graph":[{"@type":"WebPage","@id":"https:\/\/promedios.com.ar\/web\/servicios\/foto-video-social\/","url":"https:\/\/promedios.com.ar\/web\/servicios\/foto-video-social\/","name":"Foto\/Video Social - Promedios Audiovisuales","isPartOf":{"@id":"https:\/\/promedios.com.ar\/web\/#website"},"primaryImageOfPage":{"@id":"https:\/\/promedios.com.ar\/web\/servicios\/foto-video-social\/#primaryimage"},"image":{"@id":"https:\/\/promedios.com.ar\/web\/servicios\/foto-video-social\/#primaryimage"},"thumbnailUrl":"https:\/\/promedios.com.ar\/web\/wp-content\/uploads\/2024\/09\/15Juli-288.jpg","datePublished":"2021-04-24T18:24:32+00:00","dateModified":"2024-09-26T16:47:25+00:00","breadcrumb":{"@id":"https:\/\/promedios.com.ar\/web\/servicios\/foto-video-social\/#breadcrumb"},"inLanguage":"es","potentialAction":[{"@type":"ReadAction","target":["https:\/\/promedios.com.ar\/web\/servicios\/foto-video-social\/"]}]},{"@type":"ImageObject","inLanguage":"es","@id":"https:\/\/promedios.com.ar\/web\/servicios\/foto-video-social\/#primaryimage","url":"https:\/\/promedios.com.ar\/web\/wp-content\/uploads\/2024\/09\/15Juli-288.jpg","contentUrl":"https:\/\/promedios.com.ar\/web\/wp-content\/uploads\/2024\/09\/15Juli-288.jpg","width":1365,"height":911},{"@type":"BreadcrumbList","@id":"https:\/\/promedios.com.ar\/web\/servicios\/foto-video-social\/#breadcrumb","itemListElement":[{"@type":"ListItem","position":1,"name":"Portada","item":"https:\/\/promedios.com.ar\/web\/"},{"@type":"ListItem","position":2,"name":"Servicios","item":"https:\/\/promedios.com.ar\/web\/servicios\/"},{"@type":"ListItem","position":3,"name":"Foto\/Video Social"}]},{"@type":"WebSite","@id":"https:\/\/promedios.com.ar\/web\/#website","url":"https:\/\/promedios.com.ar\/web\/","name":"Promedios Audiovisuales","description":"","publisher":{"@id":"https:\/\/promedios.com.ar\/web\/#organization"},"potentialAction":[{"@type":"SearchAction","target":{"@type":"EntryPoint","urlTemplate":"https:\/\/promedios.com.ar\/web\/?s={search_term_string}"},"query-input":{"@type":"PropertyValueSpecification","valueRequired":true,"valueName":"search_term_string"}}],"inLanguage":"es"},{"@type":"Organization","@id":"https:\/\/promedios.com.ar\/web\/#organization","name":"Promedios Audiovisuales","url":"https:\/\/promedios.com.ar\/web\/","logo":{"@type":"ImageObject","inLanguage":"es","@id":"https:\/\/promedios.com.ar\/web\/#\/schema\/logo\/image\/","url":"https:\/\/promedios.com.ar\/web\/wp-content\/uploads\/2024\/09\/logo_pagina_nuevo2.png","contentUrl":"https:\/\/promedios.com.ar\/web\/wp-content\/uploads\/2024\/09\/logo_pagina_nuevo2.png","width":400,"height":100,"caption":"Promedios Audiovisuales"},"image":{"@id":"https:\/\/promedios.com.ar\/web\/#\/schema\/logo\/image\/"}}]}},"_links":{"self":[{"href":"https:\/\/promedios.com.ar\/web\/wp-json\/wp\/v2\/pages\/5673","targetHints":{"allow":["GET"]}}],"collection":[{"href":"https:\/\/promedios.com.ar\/web\/wp-json\/wp\/v2\/pages"}],"about":[{"href":"https:\/\/promedios.com.ar\/web\/wp-json\/wp\/v2\/types\/page"}],"author":[{"embeddable":true,"href":"https:\/\/promedios.com.ar\/web\/wp-json\/wp\/v2\/users\/2"}],"replies":[{"embeddable":true,"href":"https:\/\/promedios.com.ar\/web\/wp-json\/wp\/v2\/comments?post=5673"}],"version-history":[{"count":3,"href":"https:\/\/promedios.com.ar\/web\/wp-json\/wp\/v2\/pages\/5673\/revisions"}],"predecessor-version":[{"id":6253,"href":"https:\/\/promedios.com.ar\/web\/wp-json\/wp\/v2\/pages\/5673\/revisions\/6253"}],"up":[{"embeddable":true,"href":"https:\/\/promedios.com.ar\/web\/wp-json\/wp\/v2\/pages\/35"}],"wp:featuredmedia":[{"embeddable":true,"href":"https:\/\/promedios.com.ar\/web\/wp-json\/wp\/v2\/media\/6299"}],"wp:attachment":[{"href":"https:\/\/promedios.com.ar\/web\/wp-json\/wp\/v2\/media?parent=5673"}],"curies":[{"name":"wp","href":"https:\/\/api.w.org\/{rel}","templated":true}]}}