{"id":5675,"date":"2021-04-24T18:26:01","date_gmt":"2021-04-24T18:26:01","guid":{"rendered":"https:\/\/promedios.com.ar\/web\/?page_id=5675"},"modified":"2024-09-26T23:06:30","modified_gmt":"2024-09-26T23:06:30","slug":"inv_digital","status":"publish","type":"page","link":"https:\/\/promedios.com.ar\/web\/servicios\/inv_digital\/","title":{"rendered":"Invitaciones Digitales"},"content":{"rendered":"<p><span style=\"font-weight: 400;\">Con nuestro servicio de invitaciones digitales, transformamos la manera de anunciar tus eventos. Dise\u00f1amos invitaciones personalizadas y animadas, perfectas para bodas, eventos corporativos, o cualquier celebraci\u00f3n especial. Las invitaciones digitales no solo son ecol\u00f3gicas, sino que adem\u00e1s permiten una interacci\u00f3n inmediata y elegante con los invitados, facilitando la gesti\u00f3n de asistencia y ofreciendo una presentaci\u00f3n memorable desde el primer contacto.<\/span><\/p>\n<p><!--more--><\/p>\n<script>function PlayerjsAsync(){} if(window[\"Playerjs\"]){PlayerjsAsync();}<\/script>","protected":false},"excerpt":{"rendered":"<p>Con nuestro servicio de invitaciones digitales, transformamos la manera de anunciar tus eventos. Dise\u00f1amos invitaciones personalizadas y animadas, perfectas para bodas, eventos corporativos, o cualquier celebraci\u00f3n especial. Las invitaciones digitales no solo son ecol\u00f3gicas, sino que adem\u00e1s permiten una interacci\u00f3n inmediata y elegante con los invitados, facilitando la gesti\u00f3n de [&hellip;]<\/p>\n","protected":false},"author":2,"featured_media":6311,"parent":35,"menu_order":0,"comment_status":"open","ping_status":"closed","template":"","meta":{"_ppp_document_settings_meta":"","footnotes":""},"class_list":["post-5675","page","type-page","status-publish","has-post-thumbnail","hentry"],"yoast_head":"<!-- This site is optimized with the Yoast SEO Premium plugin v23.4 (Yoast SEO v24.0) - https:\/\/yoast.com\/wordpress\/plugins\/seo\/ -->\n<title>Invitaciones Digitales - Promedios Audiovisuales<\/title>\n<meta name=\"robots\" content=\"index, follow, max-snippet:-1, max-image-preview:large, max-video-preview:-1\" \/>\n<link rel=\"canonical\" href=\"https:\/\/promedios.com.ar\/web\/servicios\/inv_digital\/\" \/>\n<meta property=\"og:locale\" content=\"es_ES\" \/>\n<meta property=\"og:type\" content=\"article\" \/>\n<meta property=\"og:title\" content=\"Invitaciones Digitales\" \/>\n<meta property=\"og:description\" content=\"Con nuestro servicio de invitaciones digitales, transformamos la manera de anunciar tus eventos. Dise\u00f1amos invitaciones personalizadas y animadas, perfectas para bodas, eventos corporativos, o cualquier celebraci\u00f3n especial. Las invitaciones digitales no solo son ecol\u00f3gicas, sino que adem\u00e1s permiten una interacci\u00f3n inmediata y elegante con los invitados, facilitando la gesti\u00f3n de [&hellip;]\" \/>\n<meta property=\"og:url\" content=\"https:\/\/promedios.com.ar\/web\/servicios\/inv_digital\/\" \/>\n<meta property=\"og:site_name\" content=\"Promedios Audiovisuales\" \/>\n<meta property=\"article:modified_time\" content=\"2024-09-26T23:06:30+00:00\" \/>\n<meta property=\"og:image\" content=\"https:\/\/promedios.com.ar\/web\/wp-content\/uploads\/2024\/09\/invitacion2.jpg\" \/>\n\t<meta property=\"og:image:width\" content=\"1800\" \/>\n\t<meta property=\"og:image:height\" content=\"1198\" \/>\n\t<meta property=\"og:image:type\" content=\"image\/jpeg\" \/>\n<meta name=\"twitter:card\" content=\"summary_large_image\" \/>\n<meta name=\"twitter:label1\" content=\"Tiempo de lectura\" \/>\n\t<meta name=\"twitter:data1\" content=\"1 minuto\" \/>\n<script type=\"application\/ld+json\" class=\"yoast-schema-graph\">{\"@context\":\"https:\/\/schema.org\",\"@graph\":[{\"@type\":\"WebPage\",\"@id\":\"https:\/\/promedios.com.ar\/web\/servicios\/inv_digital\/\",\"url\":\"https:\/\/promedios.com.ar\/web\/servicios\/inv_digital\/\",\"name\":\"Invitaciones Digitales - Promedios Audiovisuales\",\"isPartOf\":{\"@id\":\"https:\/\/promedios.com.ar\/web\/#website\"},\"primaryImageOfPage\":{\"@id\":\"https:\/\/promedios.com.ar\/web\/servicios\/inv_digital\/#primaryimage\"},\"image\":{\"@id\":\"https:\/\/promedios.com.ar\/web\/servicios\/inv_digital\/#primaryimage\"},\"thumbnailUrl\":\"https:\/\/promedios.com.ar\/web\/wp-content\/uploads\/2024\/09\/invitacion2.jpg\",\"datePublished\":\"2021-04-24T18:26:01+00:00\",\"dateModified\":\"2024-09-26T23:06:30+00:00\",\"breadcrumb\":{\"@id\":\"https:\/\/promedios.com.ar\/web\/servicios\/inv_digital\/#breadcrumb\"},\"inLanguage\":\"es\",\"potentialAction\":[{\"@type\":\"ReadAction\",\"target\":[\"https:\/\/promedios.com.ar\/web\/servicios\/inv_digital\/\"]}]},{\"@type\":\"ImageObject\",\"inLanguage\":\"es\",\"@id\":\"https:\/\/promedios.com.ar\/web\/servicios\/inv_digital\/#primaryimage\",\"url\":\"https:\/\/promedios.com.ar\/web\/wp-content\/uploads\/2024\/09\/invitacion2.jpg\",\"contentUrl\":\"https:\/\/promedios.com.ar\/web\/wp-content\/uploads\/2024\/09\/invitacion2.jpg\",\"width\":1800,\"height\":1198},{\"@type\":\"BreadcrumbList\",\"@id\":\"https:\/\/promedios.com.ar\/web\/servicios\/inv_digital\/#breadcrumb\",\"itemListElement\":[{\"@type\":\"ListItem\",\"position\":1,\"name\":\"Portada\",\"item\":\"https:\/\/promedios.com.ar\/web\/\"},{\"@type\":\"ListItem\",\"position\":2,\"name\":\"Servicios\",\"item\":\"https:\/\/promedios.com.ar\/web\/servicios\/\"},{\"@type\":\"ListItem\",\"position\":3,\"name\":\"Invitaciones Digitales\"}]},{\"@type\":\"WebSite\",\"@id\":\"https:\/\/promedios.com.ar\/web\/#website\",\"url\":\"https:\/\/promedios.com.ar\/web\/\",\"name\":\"Promedios Audiovisuales\",\"description\":\"\",\"publisher\":{\"@id\":\"https:\/\/promedios.com.ar\/web\/#organization\"},\"potentialAction\":[{\"@type\":\"SearchAction\",\"target\":{\"@type\":\"EntryPoint\",\"urlTemplate\":\"https:\/\/promedios.com.ar\/web\/?s={search_term_string}\"},\"query-input\":{\"@type\":\"PropertyValueSpecification\",\"valueRequired\":true,\"valueName\":\"search_term_string\"}}],\"inLanguage\":\"es\"},{\"@type\":\"Organization\",\"@id\":\"https:\/\/promedios.com.ar\/web\/#organization\",\"name\":\"Promedios Audiovisuales\",\"url\":\"https:\/\/promedios.com.ar\/web\/\",\"logo\":{\"@type\":\"ImageObject\",\"inLanguage\":\"es\",\"@id\":\"https:\/\/promedios.com.ar\/web\/#\/schema\/logo\/image\/\",\"url\":\"https:\/\/promedios.com.ar\/web\/wp-content\/uploads\/2024\/09\/logo_pagina_nuevo2.png\",\"contentUrl\":\"https:\/\/promedios.com.ar\/web\/wp-content\/uploads\/2024\/09\/logo_pagina_nuevo2.png\",\"width\":400,\"height\":100,\"caption\":\"Promedios Audiovisuales\"},\"image\":{\"@id\":\"https:\/\/promedios.com.ar\/web\/#\/schema\/logo\/image\/\"}}]}<\/script>\n<!-- \/ Yoast SEO Premium plugin. -->","yoast_head_json":{"title":"Invitaciones Digitales - Promedios Audiovisuales","robots":{"index":"index","follow":"follow","max-snippet":"max-snippet:-1","max-image-preview":"max-image-preview:large","max-video-preview":"max-video-preview:-1"},"canonical":"https:\/\/promedios.com.ar\/web\/servicios\/inv_digital\/","og_locale":"es_ES","og_type":"article","og_title":"Invitaciones Digitales","og_description":"Con nuestro servicio de invitaciones digitales, transformamos la manera de anunciar tus eventos. Dise\u00f1amos invitaciones personalizadas y animadas, perfectas para bodas, eventos corporativos, o cualquier celebraci\u00f3n especial. Las invitaciones digitales no solo son ecol\u00f3gicas, sino que adem\u00e1s permiten una interacci\u00f3n inmediata y elegante con los invitados, facilitando la gesti\u00f3n de [&hellip;]","og_url":"https:\/\/promedios.com.ar\/web\/servicios\/inv_digital\/","og_site_name":"Promedios Audiovisuales","article_modified_time":"2024-09-26T23:06:30+00:00","og_image":[{"width":1800,"height":1198,"url":"https:\/\/promedios.com.ar\/web\/wp-content\/uploads\/2024\/09\/invitacion2.jpg","type":"image\/jpeg"}],"twitter_card":"summary_large_image","twitter_misc":{"Tiempo de lectura":"1 minuto"},"schema":{"@context":"https:\/\/schema.org","@graph":[{"@type":"WebPage","@id":"https:\/\/promedios.com.ar\/web\/servicios\/inv_digital\/","url":"https:\/\/promedios.com.ar\/web\/servicios\/inv_digital\/","name":"Invitaciones Digitales - Promedios Audiovisuales","isPartOf":{"@id":"https:\/\/promedios.com.ar\/web\/#website"},"primaryImageOfPage":{"@id":"https:\/\/promedios.com.ar\/web\/servicios\/inv_digital\/#primaryimage"},"image":{"@id":"https:\/\/promedios.com.ar\/web\/servicios\/inv_digital\/#primaryimage"},"thumbnailUrl":"https:\/\/promedios.com.ar\/web\/wp-content\/uploads\/2024\/09\/invitacion2.jpg","datePublished":"2021-04-24T18:26:01+00:00","dateModified":"2024-09-26T23:06:30+00:00","breadcrumb":{"@id":"https:\/\/promedios.com.ar\/web\/servicios\/inv_digital\/#breadcrumb"},"inLanguage":"es","potentialAction":[{"@type":"ReadAction","target":["https:\/\/promedios.com.ar\/web\/servicios\/inv_digital\/"]}]},{"@type":"ImageObject","inLanguage":"es","@id":"https:\/\/promedios.com.ar\/web\/servicios\/inv_digital\/#primaryimage","url":"https:\/\/promedios.com.ar\/web\/wp-content\/uploads\/2024\/09\/invitacion2.jpg","contentUrl":"https:\/\/promedios.com.ar\/web\/wp-content\/uploads\/2024\/09\/invitacion2.jpg","width":1800,"height":1198},{"@type":"BreadcrumbList","@id":"https:\/\/promedios.com.ar\/web\/servicios\/inv_digital\/#breadcrumb","itemListElement":[{"@type":"ListItem","position":1,"name":"Portada","item":"https:\/\/promedios.com.ar\/web\/"},{"@type":"ListItem","position":2,"name":"Servicios","item":"https:\/\/promedios.com.ar\/web\/servicios\/"},{"@type":"ListItem","position":3,"name":"Invitaciones Digitales"}]},{"@type":"WebSite","@id":"https:\/\/promedios.com.ar\/web\/#website","url":"https:\/\/promedios.com.ar\/web\/","name":"Promedios Audiovisuales","description":"","publisher":{"@id":"https:\/\/promedios.com.ar\/web\/#organization"},"potentialAction":[{"@type":"SearchAction","target":{"@type":"EntryPoint","urlTemplate":"https:\/\/promedios.com.ar\/web\/?s={search_term_string}"},"query-input":{"@type":"PropertyValueSpecification","valueRequired":true,"valueName":"search_term_string"}}],"inLanguage":"es"},{"@type":"Organization","@id":"https:\/\/promedios.com.ar\/web\/#organization","name":"Promedios Audiovisuales","url":"https:\/\/promedios.com.ar\/web\/","logo":{"@type":"ImageObject","inLanguage":"es","@id":"https:\/\/promedios.com.ar\/web\/#\/schema\/logo\/image\/","url":"https:\/\/promedios.com.ar\/web\/wp-content\/uploads\/2024\/09\/logo_pagina_nuevo2.png","contentUrl":"https:\/\/promedios.com.ar\/web\/wp-content\/uploads\/2024\/09\/logo_pagina_nuevo2.png","width":400,"height":100,"caption":"Promedios Audiovisuales"},"image":{"@id":"https:\/\/promedios.com.ar\/web\/#\/schema\/logo\/image\/"}}]}},"_links":{"self":[{"href":"https:\/\/promedios.com.ar\/web\/wp-json\/wp\/v2\/pages\/5675","targetHints":{"allow":["GET"]}}],"collection":[{"href":"https:\/\/promedios.com.ar\/web\/wp-json\/wp\/v2\/pages"}],"about":[{"href":"https:\/\/promedios.com.ar\/web\/wp-json\/wp\/v2\/types\/page"}],"author":[{"embeddable":true,"href":"https:\/\/promedios.com.ar\/web\/wp-json\/wp\/v2\/users\/2"}],"replies":[{"embeddable":true,"href":"https:\/\/promedios.com.ar\/web\/wp-json\/wp\/v2\/comments?post=5675"}],"version-history":[{"count":3,"href":"https:\/\/promedios.com.ar\/web\/wp-json\/wp\/v2\/pages\/5675\/revisions"}],"predecessor-version":[{"id":6256,"href":"https:\/\/promedios.com.ar\/web\/wp-json\/wp\/v2\/pages\/5675\/revisions\/6256"}],"up":[{"embeddable":true,"href":"https:\/\/promedios.com.ar\/web\/wp-json\/wp\/v2\/pages\/35"}],"wp:featuredmedia":[{"embeddable":true,"href":"https:\/\/promedios.com.ar\/web\/wp-json\/wp\/v2\/media\/6311"}],"wp:attachment":[{"href":"https:\/\/promedios.com.ar\/web\/wp-json\/wp\/v2\/media?parent=5675"}],"curies":[{"name":"wp","href":"https:\/\/api.w.org\/{rel}","templated":true}]}}