{"id":5677,"date":"2021-04-24T18:27:22","date_gmt":"2021-04-24T18:27:22","guid":{"rendered":"https:\/\/promedios.com.ar\/web\/?page_id=5677"},"modified":"2024-09-26T23:25:57","modified_gmt":"2024-09-26T23:25:57","slug":"conversion-de-formatos","status":"publish","type":"page","link":"https:\/\/promedios.com.ar\/web\/servicios\/conversion-de-formatos\/","title":{"rendered":"Conversi\u00f3n de Formatos"},"content":{"rendered":"<p><span style=\"font-weight: 400;\">Nuestro servicio de conversi\u00f3n de formatos audiovisuales te ayuda a actualizar y preservar tus contenidos en los formatos m\u00e1s actuales y accesibles. Convertimos material de video, audio e imagen a una amplia variedad de formatos, ya sea para plataformas digitales, redes sociales, o archivos f\u00edsicos. Aseg\u00farate de que tus archivos est\u00e9n optimizados para cualquier uso o dispositivo, sin perder calidad y con total compatibilidad.<\/span><\/p>\n<p><!--more--><\/p>\n<script>function PlayerjsAsync(){} if(window[\"Playerjs\"]){PlayerjsAsync();}<\/script>","protected":false},"excerpt":{"rendered":"<p>Nuestro servicio de conversi\u00f3n de formatos audiovisuales te ayuda a actualizar y preservar tus contenidos en los formatos m\u00e1s actuales y accesibles. Convertimos material de video, audio e imagen a una amplia variedad de formatos, ya sea para plataformas digitales, redes sociales, o archivos f\u00edsicos. Aseg\u00farate de que tus archivos [&hellip;]<\/p>\n","protected":false},"author":2,"featured_media":6312,"parent":35,"menu_order":0,"comment_status":"open","ping_status":"closed","template":"","meta":{"_ppp_document_settings_meta":"","footnotes":""},"class_list":["post-5677","page","type-page","status-publish","has-post-thumbnail","hentry"],"yoast_head":"<!-- This site is optimized with the Yoast SEO Premium plugin v23.4 (Yoast SEO v24.0) - https:\/\/yoast.com\/wordpress\/plugins\/seo\/ -->\n<title>Conversi\u00f3n de Formatos - Promedios Audiovisuales<\/title>\n<meta name=\"robots\" content=\"index, follow, max-snippet:-1, max-image-preview:large, max-video-preview:-1\" \/>\n<link rel=\"canonical\" href=\"https:\/\/promedios.com.ar\/web\/servicios\/conversion-de-formatos\/\" \/>\n<meta property=\"og:locale\" content=\"es_ES\" \/>\n<meta property=\"og:type\" content=\"article\" \/>\n<meta property=\"og:title\" content=\"Conversi\u00f3n de Formatos\" \/>\n<meta property=\"og:description\" content=\"Nuestro servicio de conversi\u00f3n de formatos audiovisuales te ayuda a actualizar y preservar tus contenidos en los formatos m\u00e1s actuales y accesibles. Convertimos material de video, audio e imagen a una amplia variedad de formatos, ya sea para plataformas digitales, redes sociales, o archivos f\u00edsicos. Aseg\u00farate de que tus archivos [&hellip;]\" \/>\n<meta property=\"og:url\" content=\"https:\/\/promedios.com.ar\/web\/servicios\/conversion-de-formatos\/\" \/>\n<meta property=\"og:site_name\" content=\"Promedios Audiovisuales\" \/>\n<meta property=\"article:modified_time\" content=\"2024-09-26T23:25:57+00:00\" \/>\n<meta property=\"og:image\" content=\"https:\/\/promedios.com.ar\/web\/wp-content\/uploads\/2024\/09\/Sin-titulo-3.jpeg\" \/>\n\t<meta property=\"og:image:width\" content=\"1800\" \/>\n\t<meta property=\"og:image:height\" content=\"1193\" \/>\n\t<meta property=\"og:image:type\" content=\"image\/jpeg\" \/>\n<meta name=\"twitter:card\" content=\"summary_large_image\" \/>\n<meta name=\"twitter:label1\" content=\"Tiempo de lectura\" \/>\n\t<meta name=\"twitter:data1\" content=\"1 minuto\" \/>\n<script type=\"application\/ld+json\" class=\"yoast-schema-graph\">{\"@context\":\"https:\/\/schema.org\",\"@graph\":[{\"@type\":\"WebPage\",\"@id\":\"https:\/\/promedios.com.ar\/web\/servicios\/conversion-de-formatos\/\",\"url\":\"https:\/\/promedios.com.ar\/web\/servicios\/conversion-de-formatos\/\",\"name\":\"Conversi\u00f3n de Formatos - Promedios Audiovisuales\",\"isPartOf\":{\"@id\":\"https:\/\/promedios.com.ar\/web\/#website\"},\"primaryImageOfPage\":{\"@id\":\"https:\/\/promedios.com.ar\/web\/servicios\/conversion-de-formatos\/#primaryimage\"},\"image\":{\"@id\":\"https:\/\/promedios.com.ar\/web\/servicios\/conversion-de-formatos\/#primaryimage\"},\"thumbnailUrl\":\"https:\/\/promedios.com.ar\/web\/wp-content\/uploads\/2024\/09\/Sin-titulo-3.jpeg\",\"datePublished\":\"2021-04-24T18:27:22+00:00\",\"dateModified\":\"2024-09-26T23:25:57+00:00\",\"breadcrumb\":{\"@id\":\"https:\/\/promedios.com.ar\/web\/servicios\/conversion-de-formatos\/#breadcrumb\"},\"inLanguage\":\"es\",\"potentialAction\":[{\"@type\":\"ReadAction\",\"target\":[\"https:\/\/promedios.com.ar\/web\/servicios\/conversion-de-formatos\/\"]}]},{\"@type\":\"ImageObject\",\"inLanguage\":\"es\",\"@id\":\"https:\/\/promedios.com.ar\/web\/servicios\/conversion-de-formatos\/#primaryimage\",\"url\":\"https:\/\/promedios.com.ar\/web\/wp-content\/uploads\/2024\/09\/Sin-titulo-3.jpeg\",\"contentUrl\":\"https:\/\/promedios.com.ar\/web\/wp-content\/uploads\/2024\/09\/Sin-titulo-3.jpeg\",\"width\":1800,\"height\":1193},{\"@type\":\"BreadcrumbList\",\"@id\":\"https:\/\/promedios.com.ar\/web\/servicios\/conversion-de-formatos\/#breadcrumb\",\"itemListElement\":[{\"@type\":\"ListItem\",\"position\":1,\"name\":\"Portada\",\"item\":\"https:\/\/promedios.com.ar\/web\/\"},{\"@type\":\"ListItem\",\"position\":2,\"name\":\"Servicios\",\"item\":\"https:\/\/promedios.com.ar\/web\/servicios\/\"},{\"@type\":\"ListItem\",\"position\":3,\"name\":\"Conversi\u00f3n de Formatos\"}]},{\"@type\":\"WebSite\",\"@id\":\"https:\/\/promedios.com.ar\/web\/#website\",\"url\":\"https:\/\/promedios.com.ar\/web\/\",\"name\":\"Promedios Audiovisuales\",\"description\":\"\",\"publisher\":{\"@id\":\"https:\/\/promedios.com.ar\/web\/#organization\"},\"potentialAction\":[{\"@type\":\"SearchAction\",\"target\":{\"@type\":\"EntryPoint\",\"urlTemplate\":\"https:\/\/promedios.com.ar\/web\/?s={search_term_string}\"},\"query-input\":{\"@type\":\"PropertyValueSpecification\",\"valueRequired\":true,\"valueName\":\"search_term_string\"}}],\"inLanguage\":\"es\"},{\"@type\":\"Organization\",\"@id\":\"https:\/\/promedios.com.ar\/web\/#organization\",\"name\":\"Promedios Audiovisuales\",\"url\":\"https:\/\/promedios.com.ar\/web\/\",\"logo\":{\"@type\":\"ImageObject\",\"inLanguage\":\"es\",\"@id\":\"https:\/\/promedios.com.ar\/web\/#\/schema\/logo\/image\/\",\"url\":\"https:\/\/promedios.com.ar\/web\/wp-content\/uploads\/2024\/09\/logo_pagina_nuevo2.png\",\"contentUrl\":\"https:\/\/promedios.com.ar\/web\/wp-content\/uploads\/2024\/09\/logo_pagina_nuevo2.png\",\"width\":400,\"height\":100,\"caption\":\"Promedios Audiovisuales\"},\"image\":{\"@id\":\"https:\/\/promedios.com.ar\/web\/#\/schema\/logo\/image\/\"}}]}<\/script>\n<!-- \/ Yoast SEO Premium plugin. -->","yoast_head_json":{"title":"Conversi\u00f3n de Formatos - Promedios Audiovisuales","robots":{"index":"index","follow":"follow","max-snippet":"max-snippet:-1","max-image-preview":"max-image-preview:large","max-video-preview":"max-video-preview:-1"},"canonical":"https:\/\/promedios.com.ar\/web\/servicios\/conversion-de-formatos\/","og_locale":"es_ES","og_type":"article","og_title":"Conversi\u00f3n de Formatos","og_description":"Nuestro servicio de conversi\u00f3n de formatos audiovisuales te ayuda a actualizar y preservar tus contenidos en los formatos m\u00e1s actuales y accesibles. Convertimos material de video, audio e imagen a una amplia variedad de formatos, ya sea para plataformas digitales, redes sociales, o archivos f\u00edsicos. Aseg\u00farate de que tus archivos [&hellip;]","og_url":"https:\/\/promedios.com.ar\/web\/servicios\/conversion-de-formatos\/","og_site_name":"Promedios Audiovisuales","article_modified_time":"2024-09-26T23:25:57+00:00","og_image":[{"width":1800,"height":1193,"url":"https:\/\/promedios.com.ar\/web\/wp-content\/uploads\/2024\/09\/Sin-titulo-3.jpeg","type":"image\/jpeg"}],"twitter_card":"summary_large_image","twitter_misc":{"Tiempo de lectura":"1 minuto"},"schema":{"@context":"https:\/\/schema.org","@graph":[{"@type":"WebPage","@id":"https:\/\/promedios.com.ar\/web\/servicios\/conversion-de-formatos\/","url":"https:\/\/promedios.com.ar\/web\/servicios\/conversion-de-formatos\/","name":"Conversi\u00f3n de Formatos - Promedios Audiovisuales","isPartOf":{"@id":"https:\/\/promedios.com.ar\/web\/#website"},"primaryImageOfPage":{"@id":"https:\/\/promedios.com.ar\/web\/servicios\/conversion-de-formatos\/#primaryimage"},"image":{"@id":"https:\/\/promedios.com.ar\/web\/servicios\/conversion-de-formatos\/#primaryimage"},"thumbnailUrl":"https:\/\/promedios.com.ar\/web\/wp-content\/uploads\/2024\/09\/Sin-titulo-3.jpeg","datePublished":"2021-04-24T18:27:22+00:00","dateModified":"2024-09-26T23:25:57+00:00","breadcrumb":{"@id":"https:\/\/promedios.com.ar\/web\/servicios\/conversion-de-formatos\/#breadcrumb"},"inLanguage":"es","potentialAction":[{"@type":"ReadAction","target":["https:\/\/promedios.com.ar\/web\/servicios\/conversion-de-formatos\/"]}]},{"@type":"ImageObject","inLanguage":"es","@id":"https:\/\/promedios.com.ar\/web\/servicios\/conversion-de-formatos\/#primaryimage","url":"https:\/\/promedios.com.ar\/web\/wp-content\/uploads\/2024\/09\/Sin-titulo-3.jpeg","contentUrl":"https:\/\/promedios.com.ar\/web\/wp-content\/uploads\/2024\/09\/Sin-titulo-3.jpeg","width":1800,"height":1193},{"@type":"BreadcrumbList","@id":"https:\/\/promedios.com.ar\/web\/servicios\/conversion-de-formatos\/#breadcrumb","itemListElement":[{"@type":"ListItem","position":1,"name":"Portada","item":"https:\/\/promedios.com.ar\/web\/"},{"@type":"ListItem","position":2,"name":"Servicios","item":"https:\/\/promedios.com.ar\/web\/servicios\/"},{"@type":"ListItem","position":3,"name":"Conversi\u00f3n de Formatos"}]},{"@type":"WebSite","@id":"https:\/\/promedios.com.ar\/web\/#website","url":"https:\/\/promedios.com.ar\/web\/","name":"Promedios Audiovisuales","description":"","publisher":{"@id":"https:\/\/promedios.com.ar\/web\/#organization"},"potentialAction":[{"@type":"SearchAction","target":{"@type":"EntryPoint","urlTemplate":"https:\/\/promedios.com.ar\/web\/?s={search_term_string}"},"query-input":{"@type":"PropertyValueSpecification","valueRequired":true,"valueName":"search_term_string"}}],"inLanguage":"es"},{"@type":"Organization","@id":"https:\/\/promedios.com.ar\/web\/#organization","name":"Promedios Audiovisuales","url":"https:\/\/promedios.com.ar\/web\/","logo":{"@type":"ImageObject","inLanguage":"es","@id":"https:\/\/promedios.com.ar\/web\/#\/schema\/logo\/image\/","url":"https:\/\/promedios.com.ar\/web\/wp-content\/uploads\/2024\/09\/logo_pagina_nuevo2.png","contentUrl":"https:\/\/promedios.com.ar\/web\/wp-content\/uploads\/2024\/09\/logo_pagina_nuevo2.png","width":400,"height":100,"caption":"Promedios Audiovisuales"},"image":{"@id":"https:\/\/promedios.com.ar\/web\/#\/schema\/logo\/image\/"}}]}},"_links":{"self":[{"href":"https:\/\/promedios.com.ar\/web\/wp-json\/wp\/v2\/pages\/5677","targetHints":{"allow":["GET"]}}],"collection":[{"href":"https:\/\/promedios.com.ar\/web\/wp-json\/wp\/v2\/pages"}],"about":[{"href":"https:\/\/promedios.com.ar\/web\/wp-json\/wp\/v2\/types\/page"}],"author":[{"embeddable":true,"href":"https:\/\/promedios.com.ar\/web\/wp-json\/wp\/v2\/users\/2"}],"replies":[{"embeddable":true,"href":"https:\/\/promedios.com.ar\/web\/wp-json\/wp\/v2\/comments?post=5677"}],"version-history":[{"count":3,"href":"https:\/\/promedios.com.ar\/web\/wp-json\/wp\/v2\/pages\/5677\/revisions"}],"predecessor-version":[{"id":6257,"href":"https:\/\/promedios.com.ar\/web\/wp-json\/wp\/v2\/pages\/5677\/revisions\/6257"}],"up":[{"embeddable":true,"href":"https:\/\/promedios.com.ar\/web\/wp-json\/wp\/v2\/pages\/35"}],"wp:featuredmedia":[{"embeddable":true,"href":"https:\/\/promedios.com.ar\/web\/wp-json\/wp\/v2\/media\/6312"}],"wp:attachment":[{"href":"https:\/\/promedios.com.ar\/web\/wp-json\/wp\/v2\/media?parent=5677"}],"curies":[{"name":"wp","href":"https:\/\/api.w.org\/{rel}","templated":true}]}}