{"id":6000,"date":"2024-09-08T16:41:58","date_gmt":"2024-09-08T16:41:58","guid":{"rendered":"https:\/\/promedios.com.ar\/web\/?page_id=6000"},"modified":"2024-09-08T16:43:12","modified_gmt":"2024-09-08T16:43:12","slug":"privacidad","status":"publish","type":"page","link":"https:\/\/promedios.com.ar\/web\/privacidad\/","title":{"rendered":"Pol\u00edtica de Privacidad"},"content":{"rendered":"\n<p><strong>La seriedad comercial, la trayectoria y el s\u00f3lido respaldo de Promedios Audiovisual, son la garant\u00eda de un estricto compromiso con usted:<\/strong>\u00a0la completa reserva de los datos que nos suministre. Es decir que esa informaci\u00f3n no ser\u00e1 vendida, alquilada o intercambiada con terceros.<\/p>\n\n\n\n<p>Si el titular de datos personales utiliza los servicios de <strong>Promedios Audiovisual<\/strong>, en consecuencia presta su consentimiento, conforme a lo establecido en la ley 25.326 de Protecci\u00f3n de Datos Personales, a tenor de lo cual declara conocer y aceptar, para que sus datos personales integren la base de datos de <strong>Promedios Audiovisual<\/strong>, otorgando por la presente autorizaci\u00f3n expresa para: (i) el tratamiento automatizado de dichos datos e informaci\u00f3n y (ii) su utilizaci\u00f3n para servicios actuales o futuros, que desarrolle <strong>Promedios Audiovisual<\/strong>.<\/p>\n\n\n\n<p>El titular de los datos personales tiene la facultad de ejercer el derecho de acceso a los mismos en forma gratuita y a intervalos no inferiores a seis meses, salvo que se acredite tener un inter\u00e9s leg\u00edtimo al efecto conforme lo establecido en el art\u00edculo 14, inciso 3 de la Ley N\u00ba 25.<\/p>\n\n\n\n<p>El titular de los datos, tiene adem\u00e1s la posibilidad de ejercer los derechos de rectificaci\u00f3n, y supresi\u00f3n de los datos conforme art\u00edculo 6, inciso \u201ce\u201d de la Ley 25.326. Los datos solicitados como obligatorios son aquellos que sirven para la identificaci\u00f3n del usuario conforme articulo 6, inciso \u201cc\u201d, la inexactitud o la negativa a completar los cambios obligatorios, ser\u00e1n la no posibilidad de acceso al sistema de servicios on line de <strong>Promedios Audiovisual<\/strong>, conforme al articulo 6, inciso \u201cd\u201d.<\/p>\n\n\n\n<p>La DIRECCI\u00d3N NACIONAL DE PROTECCI\u00d3N DE DATOS PERSONALES, \u00d3rgano de Control de la Ley 25.326, tiene la atribuci\u00f3n de atender las denuncias y reclamos que se interpongan con relaci\u00f3n al incumplimiento de las normas sobre protecci\u00f3n de datos personales.<\/p>\n\n\n\n<p>De esta manera, www.promedios.com.ar tambi\u00e9n garantiza su confianza y su preferencia. Por eso, ahora solo nos resta decirle gracias una vez mas por estar aqu\u00ed, por visitarnos y por elegirnos.<\/p>\n\n\n\n<p><strong>Ante cualquier consulta, no dude en comunicarse con nosotros, a trav\u00e9s de:\u00a0<a href=\"https:\/\/www.promedios.com.ar\/web\/ayuda\">www.promedios.com.ar\/ayuda<\/a><\/strong><\/p>\n<script>function PlayerjsAsync(){} if(window[\"Playerjs\"]){PlayerjsAsync();}<\/script>","protected":false},"excerpt":{"rendered":"<p>La seriedad comercial, la trayectoria y el s\u00f3lido respaldo de Promedios Audiovisual, son la garant\u00eda de un estricto compromiso con usted:\u00a0la completa reserva de los datos que nos suministre. Es decir que esa informaci\u00f3n no ser\u00e1 vendida, alquilada o intercambiada con terceros. Si el titular de datos personales utiliza los [&hellip;]<\/p>\n","protected":false},"author":1,"featured_media":0,"parent":0,"menu_order":0,"comment_status":"closed","ping_status":"closed","template":"","meta":{"_ppp_document_settings_meta":"","footnotes":""},"class_list":["post-6000","page","type-page","status-publish","hentry"],"yoast_head":"<!-- This site is optimized with the Yoast SEO Premium plugin v23.4 (Yoast SEO v24.0) - https:\/\/yoast.com\/wordpress\/plugins\/seo\/ -->\n<title>Pol\u00edtica de Privacidad - Promedios Audiovisuales<\/title>\n<meta name=\"robots\" content=\"index, follow, max-snippet:-1, max-image-preview:large, max-video-preview:-1\" \/>\n<link rel=\"canonical\" href=\"https:\/\/promedios.com.ar\/web\/?page_id=6000\" \/>\n<meta property=\"og:locale\" content=\"es_ES\" \/>\n<meta property=\"og:type\" content=\"article\" \/>\n<meta property=\"og:title\" content=\"Pol\u00edtica de Privacidad\" \/>\n<meta property=\"og:description\" content=\"La seriedad comercial, la trayectoria y el s\u00f3lido respaldo de Promedios Audiovisual, son la garant\u00eda de un estricto compromiso con usted:\u00a0la completa reserva de los datos que nos suministre. Es decir que esa informaci\u00f3n no ser\u00e1 vendida, alquilada o intercambiada con terceros. Si el titular de datos personales utiliza los [&hellip;]\" \/>\n<meta property=\"og:url\" content=\"https:\/\/promedios.com.ar\/web\/?page_id=6000\" \/>\n<meta property=\"og:site_name\" content=\"Promedios Audiovisuales\" \/>\n<meta property=\"article:modified_time\" content=\"2024-09-08T16:43:12+00:00\" \/>\n<meta name=\"twitter:card\" content=\"summary_large_image\" \/>\n<meta name=\"twitter:label1\" content=\"Tiempo de lectura\" \/>\n\t<meta name=\"twitter:data1\" content=\"2 minutos\" \/>\n<script type=\"application\/ld+json\" class=\"yoast-schema-graph\">{\"@context\":\"https:\/\/schema.org\",\"@graph\":[{\"@type\":\"WebPage\",\"@id\":\"https:\/\/promedios.com.ar\/web\/?page_id=6000\",\"url\":\"https:\/\/promedios.com.ar\/web\/?page_id=6000\",\"name\":\"Pol\u00edtica de Privacidad - Promedios Audiovisuales\",\"isPartOf\":{\"@id\":\"https:\/\/promedios.com.ar\/web\/#website\"},\"datePublished\":\"2024-09-08T16:41:58+00:00\",\"dateModified\":\"2024-09-08T16:43:12+00:00\",\"breadcrumb\":{\"@id\":\"https:\/\/promedios.com.ar\/web\/?page_id=6000#breadcrumb\"},\"inLanguage\":\"es\",\"potentialAction\":[{\"@type\":\"ReadAction\",\"target\":[\"https:\/\/promedios.com.ar\/web\/?page_id=6000\"]}]},{\"@type\":\"BreadcrumbList\",\"@id\":\"https:\/\/promedios.com.ar\/web\/?page_id=6000#breadcrumb\",\"itemListElement\":[{\"@type\":\"ListItem\",\"position\":1,\"name\":\"Portada\",\"item\":\"https:\/\/promedios.com.ar\/web\/\"},{\"@type\":\"ListItem\",\"position\":2,\"name\":\"Pol\u00edtica de devoluciones y reembolsos\"}]},{\"@type\":\"WebSite\",\"@id\":\"https:\/\/promedios.com.ar\/web\/#website\",\"url\":\"https:\/\/promedios.com.ar\/web\/\",\"name\":\"Promedios Audiovisuales\",\"description\":\"\",\"publisher\":{\"@id\":\"https:\/\/promedios.com.ar\/web\/#organization\"},\"potentialAction\":[{\"@type\":\"SearchAction\",\"target\":{\"@type\":\"EntryPoint\",\"urlTemplate\":\"https:\/\/promedios.com.ar\/web\/?s={search_term_string}\"},\"query-input\":{\"@type\":\"PropertyValueSpecification\",\"valueRequired\":true,\"valueName\":\"search_term_string\"}}],\"inLanguage\":\"es\"},{\"@type\":\"Organization\",\"@id\":\"https:\/\/promedios.com.ar\/web\/#organization\",\"name\":\"Promedios Audiovisuales\",\"url\":\"https:\/\/promedios.com.ar\/web\/\",\"logo\":{\"@type\":\"ImageObject\",\"inLanguage\":\"es\",\"@id\":\"https:\/\/promedios.com.ar\/web\/#\/schema\/logo\/image\/\",\"url\":\"https:\/\/promedios.com.ar\/web\/wp-content\/uploads\/2024\/09\/logo_pagina_nuevo2.png\",\"contentUrl\":\"https:\/\/promedios.com.ar\/web\/wp-content\/uploads\/2024\/09\/logo_pagina_nuevo2.png\",\"width\":400,\"height\":100,\"caption\":\"Promedios Audiovisuales\"},\"image\":{\"@id\":\"https:\/\/promedios.com.ar\/web\/#\/schema\/logo\/image\/\"}}]}<\/script>\n<!-- \/ Yoast SEO Premium plugin. -->","yoast_head_json":{"title":"Pol\u00edtica de Privacidad - Promedios Audiovisuales","robots":{"index":"index","follow":"follow","max-snippet":"max-snippet:-1","max-image-preview":"max-image-preview:large","max-video-preview":"max-video-preview:-1"},"canonical":"https:\/\/promedios.com.ar\/web\/?page_id=6000","og_locale":"es_ES","og_type":"article","og_title":"Pol\u00edtica de Privacidad","og_description":"La seriedad comercial, la trayectoria y el s\u00f3lido respaldo de Promedios Audiovisual, son la garant\u00eda de un estricto compromiso con usted:\u00a0la completa reserva de los datos que nos suministre. Es decir que esa informaci\u00f3n no ser\u00e1 vendida, alquilada o intercambiada con terceros. Si el titular de datos personales utiliza los [&hellip;]","og_url":"https:\/\/promedios.com.ar\/web\/?page_id=6000","og_site_name":"Promedios Audiovisuales","article_modified_time":"2024-09-08T16:43:12+00:00","twitter_card":"summary_large_image","twitter_misc":{"Tiempo de lectura":"2 minutos"},"schema":{"@context":"https:\/\/schema.org","@graph":[{"@type":"WebPage","@id":"https:\/\/promedios.com.ar\/web\/?page_id=6000","url":"https:\/\/promedios.com.ar\/web\/?page_id=6000","name":"Pol\u00edtica de Privacidad - Promedios Audiovisuales","isPartOf":{"@id":"https:\/\/promedios.com.ar\/web\/#website"},"datePublished":"2024-09-08T16:41:58+00:00","dateModified":"2024-09-08T16:43:12+00:00","breadcrumb":{"@id":"https:\/\/promedios.com.ar\/web\/?page_id=6000#breadcrumb"},"inLanguage":"es","potentialAction":[{"@type":"ReadAction","target":["https:\/\/promedios.com.ar\/web\/?page_id=6000"]}]},{"@type":"BreadcrumbList","@id":"https:\/\/promedios.com.ar\/web\/?page_id=6000#breadcrumb","itemListElement":[{"@type":"ListItem","position":1,"name":"Portada","item":"https:\/\/promedios.com.ar\/web\/"},{"@type":"ListItem","position":2,"name":"Pol\u00edtica de devoluciones y reembolsos"}]},{"@type":"WebSite","@id":"https:\/\/promedios.com.ar\/web\/#website","url":"https:\/\/promedios.com.ar\/web\/","name":"Promedios Audiovisuales","description":"","publisher":{"@id":"https:\/\/promedios.com.ar\/web\/#organization"},"potentialAction":[{"@type":"SearchAction","target":{"@type":"EntryPoint","urlTemplate":"https:\/\/promedios.com.ar\/web\/?s={search_term_string}"},"query-input":{"@type":"PropertyValueSpecification","valueRequired":true,"valueName":"search_term_string"}}],"inLanguage":"es"},{"@type":"Organization","@id":"https:\/\/promedios.com.ar\/web\/#organization","name":"Promedios Audiovisuales","url":"https:\/\/promedios.com.ar\/web\/","logo":{"@type":"ImageObject","inLanguage":"es","@id":"https:\/\/promedios.com.ar\/web\/#\/schema\/logo\/image\/","url":"https:\/\/promedios.com.ar\/web\/wp-content\/uploads\/2024\/09\/logo_pagina_nuevo2.png","contentUrl":"https:\/\/promedios.com.ar\/web\/wp-content\/uploads\/2024\/09\/logo_pagina_nuevo2.png","width":400,"height":100,"caption":"Promedios Audiovisuales"},"image":{"@id":"https:\/\/promedios.com.ar\/web\/#\/schema\/logo\/image\/"}}]}},"_links":{"self":[{"href":"https:\/\/promedios.com.ar\/web\/wp-json\/wp\/v2\/pages\/6000","targetHints":{"allow":["GET"]}}],"collection":[{"href":"https:\/\/promedios.com.ar\/web\/wp-json\/wp\/v2\/pages"}],"about":[{"href":"https:\/\/promedios.com.ar\/web\/wp-json\/wp\/v2\/types\/page"}],"author":[{"embeddable":true,"href":"https:\/\/promedios.com.ar\/web\/wp-json\/wp\/v2\/users\/1"}],"replies":[{"embeddable":true,"href":"https:\/\/promedios.com.ar\/web\/wp-json\/wp\/v2\/comments?post=6000"}],"version-history":[{"count":3,"href":"https:\/\/promedios.com.ar\/web\/wp-json\/wp\/v2\/pages\/6000\/revisions"}],"predecessor-version":[{"id":6196,"href":"https:\/\/promedios.com.ar\/web\/wp-json\/wp\/v2\/pages\/6000\/revisions\/6196"}],"wp:attachment":[{"href":"https:\/\/promedios.com.ar\/web\/wp-json\/wp\/v2\/media?parent=6000"}],"curies":[{"name":"wp","href":"https:\/\/api.w.org\/{rel}","templated":true}]}}