{"id":6212,"date":"2024-09-08T18:10:37","date_gmt":"2024-09-08T18:10:37","guid":{"rendered":"https:\/\/promedios.com.ar\/web\/?page_id=6212"},"modified":"2026-02-06T19:29:19","modified_gmt":"2026-02-06T19:29:19","slug":"ayuda","status":"publish","type":"page","link":"https:\/\/promedios.com.ar\/web\/ayuda\/","title":{"rendered":"Ayuda"},"content":{"rendered":"\n<p><strong>Eventos Online:<\/strong>&nbsp;<\/p>\n\n\n\n<p><strong><mark style=\"background-color:rgba(0, 0, 0, 0)\" class=\"has-inline-color has-primary-color\">\u00bfC\u00f3mo puedo acceder a ver un Evento Virtual? <\/mark><\/strong><\/p>\n\n\n\n<p><mark style=\"background-color:rgba(0, 0, 0, 0)\" class=\"has-inline-color has-primary-color\"><strong>\u00bfPuedo compartir mi acceso virtual a otras personas? <\/strong><\/mark><\/p>\n\n\n\n<p>Necesita registrarse en nuestra p\u00e1gina\/plataforma con un correo para poder comprar y ver el evento. Lo puede hacer desde la secci\u00f3n<strong> <a href=\"https:\/\/promedios.com.ar\/web\/my-account\/\"><mark style=\"background-color:rgba(0, 0, 0, 0)\" class=\"has-inline-color has-primary-color\">Mi<\/mark> <\/a><a href=\"https:\/\/promedios.com.ar\/web\/cuenta\/\"><mark style=\"background-color:rgba(0, 0, 0, 0)\" class=\"has-inline-color has-primary-color\">Cuenta<\/mark><\/a><\/strong><a href=\"https:\/\/promedios.com.ar\/web\/my-account\/\"> <\/a>o al momento de realizar la compra.<\/p>\n\n\n\n<p>No, ya que al acceder una persona a la cuenta con su correo no permitir\u00e1 otro ingreso simult\u00e1neo. El sistema habilita s\u00f3lo una sesi\u00f3n activa.<\/p>\n\n\n\n<p><mark style=\"background-color:rgba(0, 0, 0, 0)\" class=\"has-inline-color has-primary-color\"><strong>\u00bfSe puede usar una computadora o dispositivo m\u00f3vil?<\/strong><\/mark><\/p>\n\n\n\n<p>SI. Se puede utilizar para ver el evento tanto dispositivos de escritorios como notebook o computadoras, como as\u00ed tambi\u00e9n dispositivos m\u00f3viles como tablets o celulares.<\/p>\n\n\n\n<p><mark style=\"background-color:rgba(0, 0, 0, 0)\" class=\"has-inline-color has-primary-color\"><strong>\u00bfCu\u00e1les son los medios de pago?<\/strong><\/mark><\/p>\n\n\n\n<p>Cr\u00e9dito: Visa, Mastercard, American Express, Naranja. <\/p>\n\n\n\n<p>D\u00e9bito: Visa, Mastercard, Maestro.<br><br>Transferencias: En esta modalidad DEBE INFORMAR EL PAGO.<\/p>\n\n\n\n<p><strong>Ante cualquier consulta, no dude en comunicarse con nosotros, a trav\u00e9s de:&nbsp;<a href=\"https:\/\/promedios.com.ar\/web\/privacidad\/\" data-type=\"page\" data-id=\"6000\">Formulario de <\/a><a href=\"https:\/\/promedios.com.ar\/web\/contacto\" data-type=\"page\" data-id=\"6000\">contacto<\/a><\/strong>, o al WhatsApp 385 6978038<\/p>\n<script>function PlayerjsAsync(){} if(window[\"Playerjs\"]){PlayerjsAsync();}<\/script>","protected":false},"excerpt":{"rendered":"<p>Eventos Online:&nbsp; \u00bfC\u00f3mo puedo acceder a ver un Evento Virtual? \u00bfPuedo compartir mi acceso virtual a otras personas? Necesita registrarse en nuestra p\u00e1gina\/plataforma con un correo para poder comprar y ver el evento. Lo puede hacer desde la secci\u00f3n Mi Cuenta o al momento de realizar la compra. No, ya [&hellip;]<\/p>\n","protected":false},"author":2,"featured_media":0,"parent":0,"menu_order":0,"comment_status":"closed","ping_status":"closed","template":"","meta":{"_ppp_document_settings_meta":"","footnotes":""},"class_list":["post-6212","page","type-page","status-publish","hentry"],"yoast_head":"<!-- This site is optimized with the Yoast SEO Premium plugin v23.4 (Yoast SEO v24.0) - https:\/\/yoast.com\/wordpress\/plugins\/seo\/ -->\n<title>Ayuda - Promedios Audiovisuales<\/title>\n<meta name=\"robots\" content=\"index, follow, max-snippet:-1, max-image-preview:large, max-video-preview:-1\" \/>\n<link rel=\"canonical\" href=\"https:\/\/promedios.com.ar\/web\/ayuda\/\" \/>\n<meta property=\"og:locale\" content=\"es_ES\" \/>\n<meta property=\"og:type\" content=\"article\" \/>\n<meta property=\"og:title\" content=\"Ayuda\" \/>\n<meta property=\"og:description\" content=\"Eventos Online:&nbsp; \u00bfC\u00f3mo puedo acceder a ver un Evento Virtual? \u00bfPuedo compartir mi acceso virtual a otras personas? Necesita registrarse en nuestra p\u00e1gina\/plataforma con un correo para poder comprar y ver el evento. Lo puede hacer desde la secci\u00f3n Mi Cuenta o al momento de realizar la compra. No, ya [&hellip;]\" \/>\n<meta property=\"og:url\" content=\"https:\/\/promedios.com.ar\/web\/ayuda\/\" \/>\n<meta property=\"og:site_name\" content=\"Promedios Audiovisuales\" \/>\n<meta property=\"article:modified_time\" content=\"2026-02-06T19:29:19+00:00\" \/>\n<meta name=\"twitter:card\" content=\"summary_large_image\" \/>\n<meta name=\"twitter:label1\" content=\"Tiempo de lectura\" \/>\n\t<meta name=\"twitter:data1\" content=\"1 minuto\" \/>\n<script type=\"application\/ld+json\" class=\"yoast-schema-graph\">{\"@context\":\"https:\/\/schema.org\",\"@graph\":[{\"@type\":\"WebPage\",\"@id\":\"https:\/\/promedios.com.ar\/web\/ayuda\/\",\"url\":\"https:\/\/promedios.com.ar\/web\/ayuda\/\",\"name\":\"Ayuda - Promedios Audiovisuales\",\"isPartOf\":{\"@id\":\"https:\/\/promedios.com.ar\/web\/#website\"},\"datePublished\":\"2024-09-08T18:10:37+00:00\",\"dateModified\":\"2026-02-06T19:29:19+00:00\",\"breadcrumb\":{\"@id\":\"https:\/\/promedios.com.ar\/web\/ayuda\/#breadcrumb\"},\"inLanguage\":\"es\",\"potentialAction\":[{\"@type\":\"ReadAction\",\"target\":[\"https:\/\/promedios.com.ar\/web\/ayuda\/\"]}]},{\"@type\":\"BreadcrumbList\",\"@id\":\"https:\/\/promedios.com.ar\/web\/ayuda\/#breadcrumb\",\"itemListElement\":[{\"@type\":\"ListItem\",\"position\":1,\"name\":\"Portada\",\"item\":\"https:\/\/promedios.com.ar\/web\/\"},{\"@type\":\"ListItem\",\"position\":2,\"name\":\"Ayuda\"}]},{\"@type\":\"WebSite\",\"@id\":\"https:\/\/promedios.com.ar\/web\/#website\",\"url\":\"https:\/\/promedios.com.ar\/web\/\",\"name\":\"Promedios Audiovisuales\",\"description\":\"\",\"publisher\":{\"@id\":\"https:\/\/promedios.com.ar\/web\/#organization\"},\"potentialAction\":[{\"@type\":\"SearchAction\",\"target\":{\"@type\":\"EntryPoint\",\"urlTemplate\":\"https:\/\/promedios.com.ar\/web\/?s={search_term_string}\"},\"query-input\":{\"@type\":\"PropertyValueSpecification\",\"valueRequired\":true,\"valueName\":\"search_term_string\"}}],\"inLanguage\":\"es\"},{\"@type\":\"Organization\",\"@id\":\"https:\/\/promedios.com.ar\/web\/#organization\",\"name\":\"Promedios Audiovisuales\",\"url\":\"https:\/\/promedios.com.ar\/web\/\",\"logo\":{\"@type\":\"ImageObject\",\"inLanguage\":\"es\",\"@id\":\"https:\/\/promedios.com.ar\/web\/#\/schema\/logo\/image\/\",\"url\":\"https:\/\/promedios.com.ar\/web\/wp-content\/uploads\/2024\/09\/logo_pagina_nuevo2.png\",\"contentUrl\":\"https:\/\/promedios.com.ar\/web\/wp-content\/uploads\/2024\/09\/logo_pagina_nuevo2.png\",\"width\":400,\"height\":100,\"caption\":\"Promedios Audiovisuales\"},\"image\":{\"@id\":\"https:\/\/promedios.com.ar\/web\/#\/schema\/logo\/image\/\"}}]}<\/script>\n<!-- \/ Yoast SEO Premium plugin. -->","yoast_head_json":{"title":"Ayuda - Promedios Audiovisuales","robots":{"index":"index","follow":"follow","max-snippet":"max-snippet:-1","max-image-preview":"max-image-preview:large","max-video-preview":"max-video-preview:-1"},"canonical":"https:\/\/promedios.com.ar\/web\/ayuda\/","og_locale":"es_ES","og_type":"article","og_title":"Ayuda","og_description":"Eventos Online:&nbsp; \u00bfC\u00f3mo puedo acceder a ver un Evento Virtual? \u00bfPuedo compartir mi acceso virtual a otras personas? Necesita registrarse en nuestra p\u00e1gina\/plataforma con un correo para poder comprar y ver el evento. Lo puede hacer desde la secci\u00f3n Mi Cuenta o al momento de realizar la compra. No, ya [&hellip;]","og_url":"https:\/\/promedios.com.ar\/web\/ayuda\/","og_site_name":"Promedios Audiovisuales","article_modified_time":"2026-02-06T19:29:19+00:00","twitter_card":"summary_large_image","twitter_misc":{"Tiempo de lectura":"1 minuto"},"schema":{"@context":"https:\/\/schema.org","@graph":[{"@type":"WebPage","@id":"https:\/\/promedios.com.ar\/web\/ayuda\/","url":"https:\/\/promedios.com.ar\/web\/ayuda\/","name":"Ayuda - Promedios Audiovisuales","isPartOf":{"@id":"https:\/\/promedios.com.ar\/web\/#website"},"datePublished":"2024-09-08T18:10:37+00:00","dateModified":"2026-02-06T19:29:19+00:00","breadcrumb":{"@id":"https:\/\/promedios.com.ar\/web\/ayuda\/#breadcrumb"},"inLanguage":"es","potentialAction":[{"@type":"ReadAction","target":["https:\/\/promedios.com.ar\/web\/ayuda\/"]}]},{"@type":"BreadcrumbList","@id":"https:\/\/promedios.com.ar\/web\/ayuda\/#breadcrumb","itemListElement":[{"@type":"ListItem","position":1,"name":"Portada","item":"https:\/\/promedios.com.ar\/web\/"},{"@type":"ListItem","position":2,"name":"Ayuda"}]},{"@type":"WebSite","@id":"https:\/\/promedios.com.ar\/web\/#website","url":"https:\/\/promedios.com.ar\/web\/","name":"Promedios Audiovisuales","description":"","publisher":{"@id":"https:\/\/promedios.com.ar\/web\/#organization"},"potentialAction":[{"@type":"SearchAction","target":{"@type":"EntryPoint","urlTemplate":"https:\/\/promedios.com.ar\/web\/?s={search_term_string}"},"query-input":{"@type":"PropertyValueSpecification","valueRequired":true,"valueName":"search_term_string"}}],"inLanguage":"es"},{"@type":"Organization","@id":"https:\/\/promedios.com.ar\/web\/#organization","name":"Promedios Audiovisuales","url":"https:\/\/promedios.com.ar\/web\/","logo":{"@type":"ImageObject","inLanguage":"es","@id":"https:\/\/promedios.com.ar\/web\/#\/schema\/logo\/image\/","url":"https:\/\/promedios.com.ar\/web\/wp-content\/uploads\/2024\/09\/logo_pagina_nuevo2.png","contentUrl":"https:\/\/promedios.com.ar\/web\/wp-content\/uploads\/2024\/09\/logo_pagina_nuevo2.png","width":400,"height":100,"caption":"Promedios Audiovisuales"},"image":{"@id":"https:\/\/promedios.com.ar\/web\/#\/schema\/logo\/image\/"}}]}},"_links":{"self":[{"href":"https:\/\/promedios.com.ar\/web\/wp-json\/wp\/v2\/pages\/6212","targetHints":{"allow":["GET"]}}],"collection":[{"href":"https:\/\/promedios.com.ar\/web\/wp-json\/wp\/v2\/pages"}],"about":[{"href":"https:\/\/promedios.com.ar\/web\/wp-json\/wp\/v2\/types\/page"}],"author":[{"embeddable":true,"href":"https:\/\/promedios.com.ar\/web\/wp-json\/wp\/v2\/users\/2"}],"replies":[{"embeddable":true,"href":"https:\/\/promedios.com.ar\/web\/wp-json\/wp\/v2\/comments?post=6212"}],"version-history":[{"count":9,"href":"https:\/\/promedios.com.ar\/web\/wp-json\/wp\/v2\/pages\/6212\/revisions"}],"predecessor-version":[{"id":6859,"href":"https:\/\/promedios.com.ar\/web\/wp-json\/wp\/v2\/pages\/6212\/revisions\/6859"}],"wp:attachment":[{"href":"https:\/\/promedios.com.ar\/web\/wp-json\/wp\/v2\/media?parent=6212"}],"curies":[{"name":"wp","href":"https:\/\/api.w.org\/{rel}","templated":true}]}}