{"id":6332,"date":"2021-04-15T13:22:42","date_gmt":"2021-04-15T13:22:42","guid":{"rendered":"https:\/\/promedios.com.ar\/web\/?post_type=product&#038;p=6332"},"modified":"2024-09-29T13:41:49","modified_gmt":"2024-09-29T13:41:49","slug":"vislumbre-del-esteko-en-concierto","status":"publish","type":"product","link":"https:\/\/promedios.com.ar\/web\/producto\/vislumbre-del-esteko-en-concierto\/","title":{"rendered":"Vislumbre del Esteko en concierto"},"content":{"rendered":"<p>Evento por Streaming. Necesita registrarse en nuestra p\u00e1gina\/plataforma con un correo para poder comprar y ver el evento.<\/p>\n<p>S\u00f3lo se puede comprar un acceso por persona\/correo.<\/p>\n<script>function PlayerjsAsync(){} if(window[\"Playerjs\"]){PlayerjsAsync();}<\/script>","protected":false},"excerpt":{"rendered":"<p>Disfruta desde tu casa el concierto virtual que dar\u00e1 Vislumbre del Esteko desde Antares, Santiago del Estero, en\u00a0<strong>VIVO y en DIRECTO<\/strong>.\u00a0<strong>S\u00e1bado 1 de Mayo a las 13:00 hs. <\/strong>M\u00fasica, poes\u00eda, luces y toda la magia vislumbrera en un show imperdible!! Compr\u00e1 tu ticket.<\/p>\n","protected":false},"featured_media":6334,"template":"","meta":{"_ppp_document_settings_meta":""},"product_brand":[],"product_cat":[98],"product_tag":[],"class_list":{"0":"post-6332","1":"product","2":"type-product","3":"status-publish","4":"has-post-thumbnail","6":"product_cat-streaming","8":"first","9":"outofstock","10":"virtual","11":"sold-individually","12":"taxable","13":"purchasable","14":"product-type-simple"},"yoast_head":"<!-- This site is optimized with the Yoast SEO Premium plugin v23.4 (Yoast SEO v24.0) - https:\/\/yoast.com\/wordpress\/plugins\/seo\/ -->\n<title>Vislumbre del Esteko en concierto - Promedios Audiovisuales<\/title>\n<meta name=\"robots\" content=\"index, follow, max-snippet:-1, max-image-preview:large, max-video-preview:-1\" \/>\n<link rel=\"canonical\" href=\"https:\/\/promedios.com.ar\/web\/producto\/vislumbre-del-esteko-en-concierto\/\" \/>\n<meta property=\"og:locale\" content=\"es_ES\" \/>\n<meta property=\"og:type\" content=\"article\" \/>\n<meta property=\"og:title\" content=\"Sarmiento (SdE) vs. Sol de Am\u00e9rica (Formosa)\" \/>\n<meta property=\"og:description\" content=\"Disfruta desde tu casa el concierto virtual que dar\u00e1 Vislumbre del Esteko desde Antares, Santiago del Estero, en\u00a0VIVO y en DIRECTO.\u00a0S\u00e1bado 1 de Mayo a las 13:00 hs. M\u00fasica, poes\u00eda, luces y toda la magia vislumbrera en un show imperdible!! Compr\u00e1 tu ticket.\" \/>\n<meta property=\"og:url\" content=\"https:\/\/promedios.com.ar\/web\/producto\/vislumbre-del-esteko-en-concierto\/\" \/>\n<meta property=\"og:site_name\" content=\"Promedios Audiovisuales\" \/>\n<meta property=\"article:modified_time\" content=\"2024-09-29T13:41:49+00:00\" \/>\n<meta property=\"og:image\" content=\"https:\/\/promedios.com.ar\/web\/wp-content\/uploads\/2024\/09\/SARMIENTO-4.jpeg\" \/>\n\t<meta property=\"og:image:width\" content=\"1920\" \/>\n\t<meta property=\"og:image:height\" content=\"1080\" \/>\n\t<meta property=\"og:image:type\" content=\"image\/jpeg\" \/>\n<meta name=\"twitter:card\" content=\"summary_large_image\" \/>\n<meta name=\"twitter:title\" content=\"Vislumbre del Esteko en concierto\" \/>\n<meta name=\"twitter:label1\" content=\"Tiempo de lectura\" \/>\n\t<meta name=\"twitter:data1\" content=\"1 minuto\" \/>\n<script type=\"application\/ld+json\" class=\"yoast-schema-graph\">{\"@context\":\"https:\/\/schema.org\",\"@graph\":[{\"@type\":\"WebPage\",\"@id\":\"https:\/\/promedios.com.ar\/web\/producto\/vislumbre-del-esteko-en-concierto\/\",\"url\":\"https:\/\/promedios.com.ar\/web\/producto\/vislumbre-del-esteko-en-concierto\/\",\"name\":\"Vislumbre del Esteko en concierto - Promedios Audiovisuales\",\"isPartOf\":{\"@id\":\"https:\/\/promedios.com.ar\/web\/#website\"},\"primaryImageOfPage\":{\"@id\":\"https:\/\/promedios.com.ar\/web\/producto\/vislumbre-del-esteko-en-concierto\/#primaryimage\"},\"image\":{\"@id\":\"https:\/\/promedios.com.ar\/web\/producto\/vislumbre-del-esteko-en-concierto\/#primaryimage\"},\"thumbnailUrl\":\"https:\/\/promedios.com.ar\/web\/wp-content\/uploads\/2021\/04\/vislumbre.jpg\",\"datePublished\":\"2021-04-15T13:22:42+00:00\",\"dateModified\":\"2024-09-29T13:41:49+00:00\",\"breadcrumb\":{\"@id\":\"https:\/\/promedios.com.ar\/web\/producto\/vislumbre-del-esteko-en-concierto\/#breadcrumb\"},\"inLanguage\":\"es\",\"potentialAction\":[{\"@type\":\"ReadAction\",\"target\":[\"https:\/\/promedios.com.ar\/web\/producto\/vislumbre-del-esteko-en-concierto\/\"]}]},{\"@type\":\"ImageObject\",\"inLanguage\":\"es\",\"@id\":\"https:\/\/promedios.com.ar\/web\/producto\/vislumbre-del-esteko-en-concierto\/#primaryimage\",\"url\":\"https:\/\/promedios.com.ar\/web\/wp-content\/uploads\/2021\/04\/vislumbre.jpg\",\"contentUrl\":\"https:\/\/promedios.com.ar\/web\/wp-content\/uploads\/2021\/04\/vislumbre.jpg\",\"width\":1920,\"height\":1080},{\"@type\":\"BreadcrumbList\",\"@id\":\"https:\/\/promedios.com.ar\/web\/producto\/vislumbre-del-esteko-en-concierto\/#breadcrumb\",\"itemListElement\":[{\"@type\":\"ListItem\",\"position\":1,\"name\":\"Portada\",\"item\":\"https:\/\/promedios.com.ar\/web\/\"},{\"@type\":\"ListItem\",\"position\":2,\"name\":\"Eventos\/Tickets\",\"item\":\"https:\/\/promedios.com.ar\/web\/eventos-tickets\/\"},{\"@type\":\"ListItem\",\"position\":3,\"name\":\"Vislumbre del Esteko en concierto\"}]},{\"@type\":\"WebSite\",\"@id\":\"https:\/\/promedios.com.ar\/web\/#website\",\"url\":\"https:\/\/promedios.com.ar\/web\/\",\"name\":\"Promedios Audiovisuales\",\"description\":\"\",\"publisher\":{\"@id\":\"https:\/\/promedios.com.ar\/web\/#organization\"},\"potentialAction\":[{\"@type\":\"SearchAction\",\"target\":{\"@type\":\"EntryPoint\",\"urlTemplate\":\"https:\/\/promedios.com.ar\/web\/?s={search_term_string}\"},\"query-input\":{\"@type\":\"PropertyValueSpecification\",\"valueRequired\":true,\"valueName\":\"search_term_string\"}}],\"inLanguage\":\"es\"},{\"@type\":\"Organization\",\"@id\":\"https:\/\/promedios.com.ar\/web\/#organization\",\"name\":\"Promedios Audiovisuales\",\"url\":\"https:\/\/promedios.com.ar\/web\/\",\"logo\":{\"@type\":\"ImageObject\",\"inLanguage\":\"es\",\"@id\":\"https:\/\/promedios.com.ar\/web\/#\/schema\/logo\/image\/\",\"url\":\"https:\/\/promedios.com.ar\/web\/wp-content\/uploads\/2024\/09\/logo_pagina_nuevo2.png\",\"contentUrl\":\"https:\/\/promedios.com.ar\/web\/wp-content\/uploads\/2024\/09\/logo_pagina_nuevo2.png\",\"width\":400,\"height\":100,\"caption\":\"Promedios Audiovisuales\"},\"image\":{\"@id\":\"https:\/\/promedios.com.ar\/web\/#\/schema\/logo\/image\/\"}}]}<\/script>\n<!-- \/ Yoast SEO Premium plugin. -->","yoast_head_json":{"title":"Vislumbre del Esteko en concierto - Promedios Audiovisuales","robots":{"index":"index","follow":"follow","max-snippet":"max-snippet:-1","max-image-preview":"max-image-preview:large","max-video-preview":"max-video-preview:-1"},"canonical":"https:\/\/promedios.com.ar\/web\/producto\/vislumbre-del-esteko-en-concierto\/","og_locale":"es_ES","og_type":"article","og_title":"Sarmiento (SdE) vs. Sol de Am\u00e9rica (Formosa)","og_description":"Disfruta desde tu casa el concierto virtual que dar\u00e1 Vislumbre del Esteko desde Antares, Santiago del Estero, en\u00a0VIVO y en DIRECTO.\u00a0S\u00e1bado 1 de Mayo a las 13:00 hs. M\u00fasica, poes\u00eda, luces y toda la magia vislumbrera en un show imperdible!! Compr\u00e1 tu ticket.","og_url":"https:\/\/promedios.com.ar\/web\/producto\/vislumbre-del-esteko-en-concierto\/","og_site_name":"Promedios Audiovisuales","article_modified_time":"2024-09-29T13:41:49+00:00","og_image":[{"width":1920,"height":1080,"url":"https:\/\/promedios.com.ar\/web\/wp-content\/uploads\/2024\/09\/SARMIENTO-4.jpeg","type":"image\/jpeg"}],"twitter_card":"summary_large_image","twitter_title":"Vislumbre del Esteko en concierto","twitter_misc":{"Tiempo de lectura":"1 minuto"},"schema":{"@context":"https:\/\/schema.org","@graph":[{"@type":"WebPage","@id":"https:\/\/promedios.com.ar\/web\/producto\/vislumbre-del-esteko-en-concierto\/","url":"https:\/\/promedios.com.ar\/web\/producto\/vislumbre-del-esteko-en-concierto\/","name":"Vislumbre del Esteko en concierto - Promedios Audiovisuales","isPartOf":{"@id":"https:\/\/promedios.com.ar\/web\/#website"},"primaryImageOfPage":{"@id":"https:\/\/promedios.com.ar\/web\/producto\/vislumbre-del-esteko-en-concierto\/#primaryimage"},"image":{"@id":"https:\/\/promedios.com.ar\/web\/producto\/vislumbre-del-esteko-en-concierto\/#primaryimage"},"thumbnailUrl":"https:\/\/promedios.com.ar\/web\/wp-content\/uploads\/2021\/04\/vislumbre.jpg","datePublished":"2021-04-15T13:22:42+00:00","dateModified":"2024-09-29T13:41:49+00:00","breadcrumb":{"@id":"https:\/\/promedios.com.ar\/web\/producto\/vislumbre-del-esteko-en-concierto\/#breadcrumb"},"inLanguage":"es","potentialAction":[{"@type":"ReadAction","target":["https:\/\/promedios.com.ar\/web\/producto\/vislumbre-del-esteko-en-concierto\/"]}]},{"@type":"ImageObject","inLanguage":"es","@id":"https:\/\/promedios.com.ar\/web\/producto\/vislumbre-del-esteko-en-concierto\/#primaryimage","url":"https:\/\/promedios.com.ar\/web\/wp-content\/uploads\/2021\/04\/vislumbre.jpg","contentUrl":"https:\/\/promedios.com.ar\/web\/wp-content\/uploads\/2021\/04\/vislumbre.jpg","width":1920,"height":1080},{"@type":"BreadcrumbList","@id":"https:\/\/promedios.com.ar\/web\/producto\/vislumbre-del-esteko-en-concierto\/#breadcrumb","itemListElement":[{"@type":"ListItem","position":1,"name":"Portada","item":"https:\/\/promedios.com.ar\/web\/"},{"@type":"ListItem","position":2,"name":"Eventos\/Tickets","item":"https:\/\/promedios.com.ar\/web\/eventos-tickets\/"},{"@type":"ListItem","position":3,"name":"Vislumbre del Esteko en concierto"}]},{"@type":"WebSite","@id":"https:\/\/promedios.com.ar\/web\/#website","url":"https:\/\/promedios.com.ar\/web\/","name":"Promedios Audiovisuales","description":"","publisher":{"@id":"https:\/\/promedios.com.ar\/web\/#organization"},"potentialAction":[{"@type":"SearchAction","target":{"@type":"EntryPoint","urlTemplate":"https:\/\/promedios.com.ar\/web\/?s={search_term_string}"},"query-input":{"@type":"PropertyValueSpecification","valueRequired":true,"valueName":"search_term_string"}}],"inLanguage":"es"},{"@type":"Organization","@id":"https:\/\/promedios.com.ar\/web\/#organization","name":"Promedios Audiovisuales","url":"https:\/\/promedios.com.ar\/web\/","logo":{"@type":"ImageObject","inLanguage":"es","@id":"https:\/\/promedios.com.ar\/web\/#\/schema\/logo\/image\/","url":"https:\/\/promedios.com.ar\/web\/wp-content\/uploads\/2024\/09\/logo_pagina_nuevo2.png","contentUrl":"https:\/\/promedios.com.ar\/web\/wp-content\/uploads\/2024\/09\/logo_pagina_nuevo2.png","width":400,"height":100,"caption":"Promedios Audiovisuales"},"image":{"@id":"https:\/\/promedios.com.ar\/web\/#\/schema\/logo\/image\/"}}]}},"_links":{"self":[{"href":"https:\/\/promedios.com.ar\/web\/wp-json\/wp\/v2\/product\/6332","targetHints":{"allow":["GET"]}}],"collection":[{"href":"https:\/\/promedios.com.ar\/web\/wp-json\/wp\/v2\/product"}],"about":[{"href":"https:\/\/promedios.com.ar\/web\/wp-json\/wp\/v2\/types\/product"}],"wp:featuredmedia":[{"embeddable":true,"href":"https:\/\/promedios.com.ar\/web\/wp-json\/wp\/v2\/media\/6334"}],"wp:attachment":[{"href":"https:\/\/promedios.com.ar\/web\/wp-json\/wp\/v2\/media?parent=6332"}],"wp:term":[{"taxonomy":"product_brand","embeddable":true,"href":"https:\/\/promedios.com.ar\/web\/wp-json\/wp\/v2\/product_brand?post=6332"},{"taxonomy":"product_cat","embeddable":true,"href":"https:\/\/promedios.com.ar\/web\/wp-json\/wp\/v2\/product_cat?post=6332"},{"taxonomy":"product_tag","embeddable":true,"href":"https:\/\/promedios.com.ar\/web\/wp-json\/wp\/v2\/product_tag?post=6332"}],"curies":[{"name":"wp","href":"https:\/\/api.w.org\/{rel}","templated":true}]}}