{"id":6759,"date":"2026-02-04T12:34:54","date_gmt":"2026-02-04T12:34:54","guid":{"rendered":"https:\/\/promedios.com.ar\/web\/?post_type=product&#038;p=6759"},"modified":"2026-02-04T20:38:35","modified_gmt":"2026-02-04T20:38:35","slug":"mochila-kiloview-p1-4g-sdi-transmisor-video-encoder-bonding","status":"publish","type":"product","link":"https:\/\/promedios.com.ar\/web\/producto\/mochila-kiloview-p1-4g-sdi-transmisor-video-encoder-bonding\/","title":{"rendered":"Mochila Kiloview P1 4g Sdi Transmisor Video\/encoder\/bonding"},"content":{"rendered":"<p>\t\r\n\t\t<div id=\"boxGallery\" class=\"g-box6779 Gallery-container gallery-box gbox-font\">\r\n\t\t\t<!-- Regular images -->\r\n\t\t\r\n\r\n\r\n<style type=\"text\/css\">\r\n\r\n \r\n\r\n<\/style>\r\n\r\n<script type=\"text\/javascript\">\r\n\r\n(function ($) {\r\n\t\"use strict\";\r\n    $(document).ready(function(){\r\n       \/\/lightbox opions\r\n         $('.gb-light').venobox({\r\n        border: '0px',\r\n        bgcolor: '#d2d2d2',\r\n        spinColor: '#b6b6b6',  \r\n        spinner: 'double-bounce',   \r\n        titlePosition: 'bottom'   \r\n        }); \r\n\r\n   if ( $('.g-box6779').length > 0 )\r\n    {\r\n        var $gbox_smasonry6779 = $('.g-box6779').isotope({\r\n            itemSelector : '.gb-masonry6779',\r\n            \/\/masonry: {\r\n                \/\/columnWidth: '.grid-sizer'\r\n            \/\/}\r\n        });\r\n\r\n        $gbox_smasonry6779.imagesLoaded().progress( function() {\r\n            $gbox_smasonry6779.isotope('layout');\r\n            \r\n        });\r\n\r\n    }\/\/check image not empty\r\n\r\n\r\n    });\r\n}(jQuery));\t\r\n\r\n<\/script>\r\n\t\t<div class=\"gb-simple6779 gcolumn-3 images-gallery simg gb-masonry6779\">\r\n                        <a class=\"gb-light light\" href=\"https:\/\/promedios.com.ar\/web\/wp-content\/uploads\/2026\/02\/KILOVIEW-P1-ANGLE-1024x768.png\" data-gall=\"gallery\">\r\n            <img fetchpriority=\"high\" decoding=\"async\" width=\"450\" height=\"450\" src=\"https:\/\/promedios.com.ar\/web\/wp-content\/uploads\/2026\/02\/KILOVIEW-P1-ANGLE-450x450.png\" class=\"attachment-gbox-medium size-gbox-medium\" alt=\"\" srcset=\"https:\/\/promedios.com.ar\/web\/wp-content\/uploads\/2026\/02\/KILOVIEW-P1-ANGLE-450x450.png 450w, https:\/\/promedios.com.ar\/web\/wp-content\/uploads\/2026\/02\/KILOVIEW-P1-ANGLE-150x150.png 150w, https:\/\/promedios.com.ar\/web\/wp-content\/uploads\/2026\/02\/KILOVIEW-P1-ANGLE-600x600.png 600w, https:\/\/promedios.com.ar\/web\/wp-content\/uploads\/2026\/02\/KILOVIEW-P1-ANGLE-280x280.png 280w, https:\/\/promedios.com.ar\/web\/wp-content\/uploads\/2026\/02\/KILOVIEW-P1-ANGLE-800x800.png 800w, https:\/\/promedios.com.ar\/web\/wp-content\/uploads\/2026\/02\/KILOVIEW-P1-ANGLE-200x200.png 200w\" sizes=\"(max-width: 450px) 100vw, 450px\" \/>            <\/a>\r\n            \t\t<\/div><!--# Regular images -->\r\n     \r\n\t\t\t\t<div class=\"gb-simple6779 gcolumn-3 images-gallery simg gb-masonry6779\">\r\n                        <a class=\"gb-light light\" href=\"https:\/\/promedios.com.ar\/web\/wp-content\/uploads\/2026\/02\/kiloview-p1-codificador-de-video-sdi-con-bonding.jpg\" data-gall=\"gallery\">\r\n            <img decoding=\"async\" width=\"300\" height=\"300\" src=\"https:\/\/promedios.com.ar\/web\/wp-content\/uploads\/2026\/02\/kiloview-p1-codificador-de-video-sdi-con-bonding-300x300.jpg\" class=\"attachment-medium size-medium\" alt=\"\" srcset=\"https:\/\/promedios.com.ar\/web\/wp-content\/uploads\/2026\/02\/kiloview-p1-codificador-de-video-sdi-con-bonding-300x300.jpg 300w, https:\/\/promedios.com.ar\/web\/wp-content\/uploads\/2026\/02\/kiloview-p1-codificador-de-video-sdi-con-bonding-150x150.jpg 150w, https:\/\/promedios.com.ar\/web\/wp-content\/uploads\/2026\/02\/kiloview-p1-codificador-de-video-sdi-con-bonding-768x768.jpg 768w, https:\/\/promedios.com.ar\/web\/wp-content\/uploads\/2026\/02\/kiloview-p1-codificador-de-video-sdi-con-bonding-450x450.jpg 450w, https:\/\/promedios.com.ar\/web\/wp-content\/uploads\/2026\/02\/kiloview-p1-codificador-de-video-sdi-con-bonding-600x600.jpg 600w, https:\/\/promedios.com.ar\/web\/wp-content\/uploads\/2026\/02\/kiloview-p1-codificador-de-video-sdi-con-bonding-320x320.jpg 320w, https:\/\/promedios.com.ar\/web\/wp-content\/uploads\/2026\/02\/kiloview-p1-codificador-de-video-sdi-con-bonding-480x480.jpg 480w, https:\/\/promedios.com.ar\/web\/wp-content\/uploads\/2026\/02\/kiloview-p1-codificador-de-video-sdi-con-bonding-800x800.jpg 800w, https:\/\/promedios.com.ar\/web\/wp-content\/uploads\/2026\/02\/kiloview-p1-codificador-de-video-sdi-con-bonding-280x280.jpg 280w, https:\/\/promedios.com.ar\/web\/wp-content\/uploads\/2026\/02\/kiloview-p1-codificador-de-video-sdi-con-bonding-560x560.jpg 560w, https:\/\/promedios.com.ar\/web\/wp-content\/uploads\/2026\/02\/kiloview-p1-codificador-de-video-sdi-con-bonding-200x200.jpg 200w, https:\/\/promedios.com.ar\/web\/wp-content\/uploads\/2026\/02\/kiloview-p1-codificador-de-video-sdi-con-bonding.jpg 1000w\" sizes=\"(max-width: 300px) 100vw, 300px\" \/>            <\/a>\r\n            \t\t<\/div><!--# Regular images -->\r\n     \r\n\t\t\t\t\r\n    <\/div>\r\n \r\n\r\n \r\n El codificador Kiloview P1\/P2 admite la transmisi\u00f3n simult\u00e1nea a 16 plataformas mediante la configuraci\u00f3n del flujo principal y secundario en la consola web, lo que significa que puede transmitir a todas las plataformas populares con el mismo contenido. (Resoluci\u00f3n de transmisi\u00f3n principal hasta 1080P60, resoluci\u00f3n de transmisi\u00f3n secundaria hasta 720P60) Admite 2 puertos celulares 4G internos + 2 puertos celulares 4G USB (LAN) + 1 puerto Wi-Fi (+1*RJ45) y es configurable libremente para cualquier red deseada. Con el algoritmo de enlace patentado con KiloLink, los codificadores P1\/P2 pueden equilibrar autom\u00e1ticamente los datos de todas las conexiones y ajustar la velocidad de bits en consecuencia para garantizar una transmisi\u00f3n confiable. Adem\u00e1s, P1\/P2 puede soportar un punto de acceso Wi-Fi para la transmisi\u00f3n de datos y archivos. Compatibilidad con intercomunicador de voz Con Kiloview Intercom Server (KIS), puede participar en un sistema de intercomunicaci\u00f3n grupal con auriculares USB. La Mochila Kiloview P1 4G SDI es la soluci\u00f3n ideal para profesionales del streaming que buscan calidad y versatilidad en sus transmisiones. Con su capacidad para transmitir video en alta definici\u00f3n a trav\u00e9s de interfaces SDI, este dispositivo se integra perfectamente con aplicaciones populares como VMIX, OBS, YouTube y Facebook, facilitando la creaci\u00f3n de contenido en tiempo real. Dise\u00f1ada para ofrecer conectividad robusta, la P1 cuenta con soporte para 4G LTE, lo que garantiza una transmisi\u00f3n fluida incluso en entornos m\u00f3viles. Su formato de TV Box permite una f\u00e1cil configuraci\u00f3n y uso, mientras que sus m\u00faltiples puertos, incluyendo RJ45, Mini jack y USB, aseguran una amplia compatibilidad con diversos equipos. Con un peso de 1356 g y dimensiones compactas, esta mochila es f\u00e1cil de transportar, lo que la convierte en la compa\u00f1era perfecta para eventos en vivo, producciones en exteriores o cualquier situaci\u00f3n que requiera movilidad. La inclusi\u00f3n de Wi-Fi tambi\u00e9n permite una conexi\u00f3n adicional, brindando flexibilidad en la transmisi\u00f3n de contenido. La Mochila Kiloview P1 es la herramienta que necesitas para llevar tus producciones al siguiente nivel, combinando tecnolog\u00eda avanzada con un dise\u00f1o pr\u00e1ctico y funcional. Ideal para creadores de contenido, periodistas y profesionales del audiovisual que buscan calidad y eficiencia en sus proyectos de streaming.<\/p>\n<script>function PlayerjsAsync(){} if(window[\"Playerjs\"]){PlayerjsAsync();}<\/script>","protected":false},"excerpt":{"rendered":"<p><span dir=\"auto\">El codificador de video Kiloview P1\/P2 es un dispositivo de codificaci\u00f3n profesional de alta gama, especialmente dise\u00f1ado para aplicaciones m\u00f3viles. Incorpora KiloLink, el algoritmo patentado de Kiloview, para solucionar problemas de conectividad deficiente. Es ideal para transmisiones en vivo en exteriores, como eventos en vivo, conciertos, deportes, transmisiones de campo, avisos de emergencia y m\u00e1s, en cualquier momento y lugar.<\/span><\/p>\n<p><span dir=\"auto\">Kiloview P1\/P2 presenta una latencia de extremo a extremo ultrabaja (&lt;1 s), mientras tanto, admite intercomunicaci\u00f3n de voz con Kiloview KIS, tambi\u00e9n es perfecto para la producci\u00f3n de programas remotos o la interacci\u00f3n grupal.<\/span><\/p>\n<p><span dir=\"auto\">P1 admite entrada SDI, mientras que P2 admite entrada HDMI.<\/span><\/p>\n","protected":false},"featured_media":6760,"template":"","meta":{"_ppp_document_settings_meta":""},"product_brand":[],"product_cat":[103],"product_tag":[],"class_list":{"0":"post-6759","1":"product","2":"type-product","3":"status-publish","4":"has-post-thumbnail","6":"product_cat-tienda-fisica","8":"first","9":"instock","10":"sold-individually","11":"taxable","12":"shipping-taxable","13":"purchasable","14":"product-type-simple"},"yoast_head":"<!-- This site is optimized with the Yoast SEO Premium plugin v23.4 (Yoast SEO v24.0) - https:\/\/yoast.com\/wordpress\/plugins\/seo\/ -->\n<title>Promedios Audiovisuales<\/title>\n<meta name=\"robots\" content=\"index, follow, max-snippet:-1, max-image-preview:large, max-video-preview:-1\" \/>\n<link rel=\"canonical\" href=\"https:\/\/promedios.com.ar\/web\/?p=6779\" \/>\n<meta property=\"og:locale\" content=\"es_ES\" \/>\n<meta property=\"og:type\" content=\"article\" \/>\n<meta property=\"og:url\" content=\"https:\/\/promedios.com.ar\/web\/?p=6779\" \/>\n<meta property=\"og:site_name\" content=\"Promedios Audiovisuales\" \/>\n<meta property=\"og:image\" content=\"https:\/\/promedios.com.ar\/web\/wp-content\/uploads\/2026\/02\/kiloview-p1-codificador-de-video-sdi-con-bonding.jpg\" \/>\n\t<meta property=\"og:image:width\" content=\"1000\" \/>\n\t<meta property=\"og:image:height\" content=\"1000\" \/>\n\t<meta property=\"og:image:type\" content=\"image\/jpeg\" \/>\n<meta name=\"twitter:card\" content=\"summary_large_image\" \/>\n<meta name=\"twitter:label1\" content=\"Tiempo de lectura\" \/>\n\t<meta name=\"twitter:data1\" content=\"2 minutos\" \/>\n<script type=\"application\/ld+json\" class=\"yoast-schema-graph\">{\"@context\":\"https:\/\/schema.org\",\"@graph\":[{\"@type\":\"WebPage\",\"@id\":\"https:\/\/promedios.com.ar\/web\/?p=6779\",\"url\":\"https:\/\/promedios.com.ar\/web\/?p=6779\",\"name\":\"\",\"isPartOf\":{\"@id\":\"https:\/\/promedios.com.ar\/web\/#website\"},\"primaryImageOfPage\":{\"@id\":\"https:\/\/promedios.com.ar\/web\/?p=6779#primaryimage\"},\"image\":{\"@id\":\"https:\/\/promedios.com.ar\/web\/?p=6779#primaryimage\"},\"thumbnailUrl\":\"https:\/\/promedios.com.ar\/web\/wp-content\/uploads\/2026\/02\/kiloview-p1-codificador-de-video-sdi-con-bonding.jpg\",\"datePublished\":\"2026-02-04T12:34:54+00:00\",\"dateModified\":\"2026-02-04T20:38:35+00:00\",\"breadcrumb\":{\"@id\":\"https:\/\/promedios.com.ar\/web\/?p=6779#breadcrumb\"},\"inLanguage\":\"es\",\"potentialAction\":[{\"@type\":\"ReadAction\",\"target\":[\"https:\/\/promedios.com.ar\/web\/?p=6779\"]}]},{\"@type\":\"ImageObject\",\"inLanguage\":\"es\",\"@id\":\"https:\/\/promedios.com.ar\/web\/?p=6779#primaryimage\",\"url\":\"https:\/\/promedios.com.ar\/web\/wp-content\/uploads\/2026\/02\/kiloview-p1-codificador-de-video-sdi-con-bonding.jpg\",\"contentUrl\":\"https:\/\/promedios.com.ar\/web\/wp-content\/uploads\/2026\/02\/kiloview-p1-codificador-de-video-sdi-con-bonding.jpg\",\"width\":1000,\"height\":1000},{\"@type\":\"BreadcrumbList\",\"@id\":\"https:\/\/promedios.com.ar\/web\/?p=6779#breadcrumb\",\"itemListElement\":[{\"@type\":\"ListItem\",\"position\":1,\"name\":\"Portada\",\"item\":\"https:\/\/promedios.com.ar\/web\/\"},{\"@type\":\"ListItem\",\"position\":2,\"name\":\"kiloview\"}]},{\"@type\":\"WebSite\",\"@id\":\"https:\/\/promedios.com.ar\/web\/#website\",\"url\":\"https:\/\/promedios.com.ar\/web\/\",\"name\":\"Promedios Audiovisuales\",\"description\":\"\",\"publisher\":{\"@id\":\"https:\/\/promedios.com.ar\/web\/#organization\"},\"potentialAction\":[{\"@type\":\"SearchAction\",\"target\":{\"@type\":\"EntryPoint\",\"urlTemplate\":\"https:\/\/promedios.com.ar\/web\/?s={search_term_string}\"},\"query-input\":{\"@type\":\"PropertyValueSpecification\",\"valueRequired\":true,\"valueName\":\"search_term_string\"}}],\"inLanguage\":\"es\"},{\"@type\":\"Organization\",\"@id\":\"https:\/\/promedios.com.ar\/web\/#organization\",\"name\":\"Promedios Audiovisuales\",\"url\":\"https:\/\/promedios.com.ar\/web\/\",\"logo\":{\"@type\":\"ImageObject\",\"inLanguage\":\"es\",\"@id\":\"https:\/\/promedios.com.ar\/web\/#\/schema\/logo\/image\/\",\"url\":\"https:\/\/promedios.com.ar\/web\/wp-content\/uploads\/2024\/09\/logo_pagina_nuevo2.png\",\"contentUrl\":\"https:\/\/promedios.com.ar\/web\/wp-content\/uploads\/2024\/09\/logo_pagina_nuevo2.png\",\"width\":400,\"height\":100,\"caption\":\"Promedios Audiovisuales\"},\"image\":{\"@id\":\"https:\/\/promedios.com.ar\/web\/#\/schema\/logo\/image\/\"}}]}<\/script>\n<!-- \/ Yoast SEO Premium plugin. -->","yoast_head_json":{"title":"Promedios Audiovisuales","robots":{"index":"index","follow":"follow","max-snippet":"max-snippet:-1","max-image-preview":"max-image-preview:large","max-video-preview":"max-video-preview:-1"},"canonical":"https:\/\/promedios.com.ar\/web\/?p=6779","og_locale":"es_ES","og_type":"article","og_url":"https:\/\/promedios.com.ar\/web\/?p=6779","og_site_name":"Promedios Audiovisuales","og_image":[{"width":1000,"height":1000,"url":"https:\/\/promedios.com.ar\/web\/wp-content\/uploads\/2026\/02\/kiloview-p1-codificador-de-video-sdi-con-bonding.jpg","type":"image\/jpeg"}],"twitter_card":"summary_large_image","twitter_misc":{"Tiempo de lectura":"2 minutos"},"schema":{"@context":"https:\/\/schema.org","@graph":[{"@type":"WebPage","@id":"https:\/\/promedios.com.ar\/web\/?p=6779","url":"https:\/\/promedios.com.ar\/web\/?p=6779","name":"","isPartOf":{"@id":"https:\/\/promedios.com.ar\/web\/#website"},"primaryImageOfPage":{"@id":"https:\/\/promedios.com.ar\/web\/?p=6779#primaryimage"},"image":{"@id":"https:\/\/promedios.com.ar\/web\/?p=6779#primaryimage"},"thumbnailUrl":"https:\/\/promedios.com.ar\/web\/wp-content\/uploads\/2026\/02\/kiloview-p1-codificador-de-video-sdi-con-bonding.jpg","datePublished":"2026-02-04T12:34:54+00:00","dateModified":"2026-02-04T20:38:35+00:00","breadcrumb":{"@id":"https:\/\/promedios.com.ar\/web\/?p=6779#breadcrumb"},"inLanguage":"es","potentialAction":[{"@type":"ReadAction","target":["https:\/\/promedios.com.ar\/web\/?p=6779"]}]},{"@type":"ImageObject","inLanguage":"es","@id":"https:\/\/promedios.com.ar\/web\/?p=6779#primaryimage","url":"https:\/\/promedios.com.ar\/web\/wp-content\/uploads\/2026\/02\/kiloview-p1-codificador-de-video-sdi-con-bonding.jpg","contentUrl":"https:\/\/promedios.com.ar\/web\/wp-content\/uploads\/2026\/02\/kiloview-p1-codificador-de-video-sdi-con-bonding.jpg","width":1000,"height":1000},{"@type":"BreadcrumbList","@id":"https:\/\/promedios.com.ar\/web\/?p=6779#breadcrumb","itemListElement":[{"@type":"ListItem","position":1,"name":"Portada","item":"https:\/\/promedios.com.ar\/web\/"},{"@type":"ListItem","position":2,"name":"kiloview"}]},{"@type":"WebSite","@id":"https:\/\/promedios.com.ar\/web\/#website","url":"https:\/\/promedios.com.ar\/web\/","name":"Promedios Audiovisuales","description":"","publisher":{"@id":"https:\/\/promedios.com.ar\/web\/#organization"},"potentialAction":[{"@type":"SearchAction","target":{"@type":"EntryPoint","urlTemplate":"https:\/\/promedios.com.ar\/web\/?s={search_term_string}"},"query-input":{"@type":"PropertyValueSpecification","valueRequired":true,"valueName":"search_term_string"}}],"inLanguage":"es"},{"@type":"Organization","@id":"https:\/\/promedios.com.ar\/web\/#organization","name":"Promedios Audiovisuales","url":"https:\/\/promedios.com.ar\/web\/","logo":{"@type":"ImageObject","inLanguage":"es","@id":"https:\/\/promedios.com.ar\/web\/#\/schema\/logo\/image\/","url":"https:\/\/promedios.com.ar\/web\/wp-content\/uploads\/2024\/09\/logo_pagina_nuevo2.png","contentUrl":"https:\/\/promedios.com.ar\/web\/wp-content\/uploads\/2024\/09\/logo_pagina_nuevo2.png","width":400,"height":100,"caption":"Promedios Audiovisuales"},"image":{"@id":"https:\/\/promedios.com.ar\/web\/#\/schema\/logo\/image\/"}}]}},"_links":{"self":[{"href":"https:\/\/promedios.com.ar\/web\/wp-json\/wp\/v2\/product\/6759","targetHints":{"allow":["GET"]}}],"collection":[{"href":"https:\/\/promedios.com.ar\/web\/wp-json\/wp\/v2\/product"}],"about":[{"href":"https:\/\/promedios.com.ar\/web\/wp-json\/wp\/v2\/types\/product"}],"wp:featuredmedia":[{"embeddable":true,"href":"https:\/\/promedios.com.ar\/web\/wp-json\/wp\/v2\/media\/6760"}],"wp:attachment":[{"href":"https:\/\/promedios.com.ar\/web\/wp-json\/wp\/v2\/media?parent=6759"}],"wp:term":[{"taxonomy":"product_brand","embeddable":true,"href":"https:\/\/promedios.com.ar\/web\/wp-json\/wp\/v2\/product_brand?post=6759"},{"taxonomy":"product_cat","embeddable":true,"href":"https:\/\/promedios.com.ar\/web\/wp-json\/wp\/v2\/product_cat?post=6759"},{"taxonomy":"product_tag","embeddable":true,"href":"https:\/\/promedios.com.ar\/web\/wp-json\/wp\/v2\/product_tag?post=6759"}],"curies":[{"name":"wp","href":"https:\/\/api.w.org\/{rel}","templated":true}]}}